{"id":18480,"date":"2021-01-26T11:34:03","date_gmt":"2021-01-26T09:34:03","guid":{"rendered":"http:\/\/afc-test.com.mialias.net\/?page_id=18480"},"modified":"2024-11-07T19:30:51","modified_gmt":"2024-11-07T17:30:51","slug":"la-agrupacion","status":"publish","type":"page","link":"https:\/\/afc.cat\/es\/la-agrupacion\/","title":{"rendered":"La Agrupaci\u00f3n"},"content":{"rendered":"<div class=\"fusion-fullwidth fullwidth-box fusion-builder-row-1 fusion-flex-container nonhundred-percent-fullwidth non-hundred-percent-height-scrolling\" style=\"background-color: rgba(255,255,255,0);background-position: center center;background-repeat: no-repeat;border-width: 0px 0px 0px 0px;border-color:#ffffff;border-style:solid;\" ><div class=\"fusion-builder-row fusion-row fusion-flex-align-items-flex-start\" style=\"max-width:1300px;margin-left: calc(-4% \/ 2 );margin-right: calc(-4% \/ 2 );\"><div class=\"fusion-layout-column fusion_builder_column fusion-builder-column-0 fusion_builder_column_1_1 1_1 fusion-flex-column\"><div class=\"fusion-column-wrapper fusion-flex-justify-content-flex-start fusion-content-layout-column\" style=\"background-position:left top;background-repeat:no-repeat;-webkit-background-size:cover;-moz-background-size:cover;-o-background-size:cover;background-size:cover;padding: 0px 0px 0px 0px;\"><div class=\"fusion-text fusion-text-1\"><p>La <strong>Agrupaci\u00f3n Fotogr\u00e1fica de Catalu\u00f1a es una entidad declarada de utilidad p\u00fablica por Resoluci\u00f3b JUS\/1512\/2023, de 2 de mayo, de la Generalitat de Catalunya (DOGC 8913 11 de mayo de 2023)<\/strong> creada el 1923 en la ciudad de Barcelona con el objetivo de fomentar el arte de la fotograf\u00eda. Localizada en la calle del Duc n\u00famero 14, ofrece la posibilidad de avanzar en el conocimiento especializado y tomar parte en actividades colectivas, siempre contribuyendo a la dinamizaci\u00f3n de la vida cultural del <strong>Barrio G\u00f3tico<\/strong>. As\u00ed, gracias a la cuota de los asociados y al trabajo voluntario de un grupo de colaboradores entusiastas, se consigue llevar a cabo una completa programaci\u00f3n de actividades encaminadas a proporcionar formaci\u00f3n y facilitar tanto la pr\u00e1ctica como la difusi\u00f3n de la fotograf\u00eda.<\/p>\n<p>Esta importante tarea cultural mereci\u00f3 el 2006 la <strong>Creu de Sant Jordi de la Generalitat de Catalu\u00f1a<\/strong>. Se reconoc\u00eda as\u00ed la funci\u00f3n de la <strong>Agrupaci\u00f3n Fotogr\u00e1fica de Catalu\u00f1a<\/strong> como gran puntal de la fotograf\u00eda catalana a lo largo de casi ciento a\u00f1os, con la aparici\u00f3n de una primera generaci\u00f3n de <strong>pictorialistes<\/strong> en los a\u00f1os veinte y treinta, entre los qu\u00e9 podemos incluir al Dr. <strong>Pla Janini<\/strong>, <strong>Claudi Carbonell<\/strong>, <strong>Antoni Campa\u00f1\u00e1<\/strong> o <strong>Joan Porqueras<\/strong>; desprendido de la guerra civil, un segundo grupo inici\u00f3 en los a\u00f1os cincuenta una renovadora modernidad, con nombres como <strong>Xavier Miserachs<\/strong>, <strong>Ricard Terr\u00e9<\/strong>, <strong>Ramon Masats<\/strong>, <strong>Francesc Catal\u00e0 Roca<\/strong>&#8230; o las integrantes del primer Grupo Femenino del estado: <strong>Carme Garcia<\/strong>, <strong>Gloria Salas<\/strong> o <strong>Rosa Sz\u00fccs<\/strong>.<\/p>\n<p>Gracias a esta larga historia y a la generosidad tanto de los socios como de sus familiares, la entidad posee un importante fondo patrimonial, constituido por m\u00e1s de 1.600 c\u00e1maras y accesorios y m\u00e1s de 100.000 im\u00e1genes de diferentes t\u00e9cnicas y formatos, que permiten conocer la evoluci\u00f3n de la fotograf\u00eda durante casi cien a\u00f1os. Esta voluntad conservadora, fomentada por el antiguo presidente <strong>Antoni Civantos Lambea<\/strong>, llev\u00f3 a la creaci\u00f3n del <strong>Museo-Social de la Agrupaci\u00f3n Fotogr\u00e1fica de Catalu\u00f1a en 1978<\/strong>. La colecci\u00f3n recibi\u00f3 tambi\u00e9n el 2017 el empuj\u00f3n del fot\u00f3grafo <strong>Virgili Vera<\/strong>, como continuador de las tareas de catalogaci\u00f3n, digitalizaci\u00f3n y difusi\u00f3n, que siguen actualmente con un grupo de voluntarios.<\/p>\n<p>Esta excepcional trayectoria se completa hoy en d\u00eda con una apuesta firme para abrir nuevos caminos, tanto en relaci\u00f3n en las tecnolog\u00edas digitales como las redes sociales, donde aumenta cada vez m\u00e1s la interacci\u00f3n de la entidad con los forofos y otros agentes culturales. Adem\u00e1s, la celebraci\u00f3n del centenario el 2023 dar\u00e1 un nuevo impulso a la difusi\u00f3n con un importante programa de actividades en toda la ciudad de Barcelona. La Agrupaci\u00f3n Fotogr\u00e1fica de Catalu\u00f1a mira as\u00ed hacia el futuro y abre sus puertas a todos aquellos interesados por la fotograf\u00eda en un ancho abanico de estilos, tendencias y posibilidades.<\/p>\n<\/div><\/div><style type=\"text\/css\">.fusion-body .fusion-builder-column-0{width:100% !important;margin-top : 0px;margin-bottom : 20px;}.fusion-builder-column-0 > .fusion-column-wrapper {padding-top : 0px !important;padding-right : 0px !important;margin-right : 1.92%;padding-bottom : 0px !important;padding-left : 0px !important;margin-left : 1.92%;}@media only screen and (max-width:1024px) {.fusion-body .fusion-builder-column-0{width:100% !important;order : 0;}.fusion-builder-column-0 > .fusion-column-wrapper {margin-right : 1.92%;margin-left : 1.92%;}}@media only screen and (max-width:640px) {.fusion-body .fusion-builder-column-0{width:100% !important;order : 0;}.fusion-builder-column-0 > .fusion-column-wrapper {margin-right : 1.92%;margin-left : 1.92%;}}<\/style><\/div><\/div><style type=\"text\/css\">.fusion-body .fusion-flex-container.fusion-builder-row-1{ padding-top : 0px;margin-top : 0px;padding-right : 0px;padding-bottom : 0px;margin-bottom : 0px;padding-left : 0px;}<\/style><\/div>\n","protected":false},"excerpt":{"rendered":"","protected":false},"author":33,"featured_media":0,"parent":0,"menu_order":0,"comment_status":"closed","ping_status":"closed","template":"","meta":{"_acf_changed":false,"footnotes":""},"class_list":["post-18480","page","type-page","status-publish","hentry"],"acf":[],"yoast_head":"<!-- This site is optimized with the Yoast SEO plugin v27.2 - https:\/\/yoast.com\/product\/yoast-seo-wordpress\/ -->\n<title>La Agrupaci\u00f3n - Agrupaci\u00f3 Fotogr\u00e0fica de Catalunya<\/title>\n<meta name=\"robots\" content=\"index, follow, max-snippet:-1, max-image-preview:large, max-video-preview:-1\" \/>\n<link rel=\"canonical\" href=\"https:\/\/afc.cat\/es\/la-agrupacion\/\" \/>\n<meta property=\"og:locale\" content=\"es_ES\" \/>\n<meta property=\"og:type\" content=\"article\" \/>\n<meta property=\"og:title\" content=\"La Agrupaci\u00f3n - Agrupaci\u00f3 Fotogr\u00e0fica de Catalunya\" \/>\n<meta property=\"og:url\" content=\"https:\/\/afc.cat\/es\/la-agrupacion\/\" \/>\n<meta property=\"og:site_name\" content=\"Agrupaci\u00f3 Fotogr\u00e0fica de Catalunya\" \/>\n<meta property=\"article:modified_time\" content=\"2024-11-07T17:30:51+00:00\" \/>\n<meta name=\"twitter:card\" content=\"summary_large_image\" \/>\n<meta name=\"twitter:label1\" content=\"Tiempo de lectura\" \/>\n\t<meta name=\"twitter:data1\" content=\"4 minutos\" \/>\n<script type=\"application\/ld+json\" class=\"yoast-schema-graph\">{\"@context\":\"https:\/\/schema.org\",\"@graph\":[{\"@type\":\"WebPage\",\"@id\":\"https:\/\/afc.cat\/es\/la-agrupacion\/\",\"url\":\"https:\/\/afc.cat\/es\/la-agrupacion\/\",\"name\":\"La Agrupaci\u00f3n - Agrupaci\u00f3 Fotogr\u00e0fica de Catalunya\",\"isPartOf\":{\"@id\":\"https:\/\/afc.cat\/es\/#website\"},\"datePublished\":\"2021-01-26T09:34:03+00:00\",\"dateModified\":\"2024-11-07T17:30:51+00:00\",\"breadcrumb\":{\"@id\":\"https:\/\/afc.cat\/es\/la-agrupacion\/#breadcrumb\"},\"inLanguage\":\"es\",\"potentialAction\":[{\"@type\":\"ReadAction\",\"target\":[\"https:\/\/afc.cat\/es\/la-agrupacion\/\"]}]},{\"@type\":\"BreadcrumbList\",\"@id\":\"https:\/\/afc.cat\/es\/la-agrupacion\/#breadcrumb\",\"itemListElement\":[{\"@type\":\"ListItem\",\"position\":1,\"name\":\"Inicio\",\"item\":\"https:\/\/afc.cat\/es\/\"},{\"@type\":\"ListItem\",\"position\":2,\"name\":\"La Agrupaci\u00f3n\"}]},{\"@type\":\"WebSite\",\"@id\":\"https:\/\/afc.cat\/es\/#website\",\"url\":\"https:\/\/afc.cat\/es\/\",\"name\":\"Agrupaci\u00f3 Fotogr\u00e0fica de Catalunya\",\"description\":\"Fomento y divulgaci\u00f3n de la fotograf\u00eda en todas sus variedades\",\"potentialAction\":[{\"@type\":\"SearchAction\",\"target\":{\"@type\":\"EntryPoint\",\"urlTemplate\":\"https:\/\/afc.cat\/es\/?s={search_term_string}\"},\"query-input\":{\"@type\":\"PropertyValueSpecification\",\"valueRequired\":true,\"valueName\":\"search_term_string\"}}],\"inLanguage\":\"es\"}]}<\/script>\n<!-- \/ Yoast SEO plugin. -->","yoast_head_json":{"title":"La Agrupaci\u00f3n - Agrupaci\u00f3 Fotogr\u00e0fica de Catalunya","robots":{"index":"index","follow":"follow","max-snippet":"max-snippet:-1","max-image-preview":"max-image-preview:large","max-video-preview":"max-video-preview:-1"},"canonical":"https:\/\/afc.cat\/es\/la-agrupacion\/","og_locale":"es_ES","og_type":"article","og_title":"La Agrupaci\u00f3n - Agrupaci\u00f3 Fotogr\u00e0fica de Catalunya","og_url":"https:\/\/afc.cat\/es\/la-agrupacion\/","og_site_name":"Agrupaci\u00f3 Fotogr\u00e0fica de Catalunya","article_modified_time":"2024-11-07T17:30:51+00:00","twitter_card":"summary_large_image","twitter_misc":{"Tiempo de lectura":"4 minutos"},"schema":{"@context":"https:\/\/schema.org","@graph":[{"@type":"WebPage","@id":"https:\/\/afc.cat\/es\/la-agrupacion\/","url":"https:\/\/afc.cat\/es\/la-agrupacion\/","name":"La Agrupaci\u00f3n - Agrupaci\u00f3 Fotogr\u00e0fica de Catalunya","isPartOf":{"@id":"https:\/\/afc.cat\/es\/#website"},"datePublished":"2021-01-26T09:34:03+00:00","dateModified":"2024-11-07T17:30:51+00:00","breadcrumb":{"@id":"https:\/\/afc.cat\/es\/la-agrupacion\/#breadcrumb"},"inLanguage":"es","potentialAction":[{"@type":"ReadAction","target":["https:\/\/afc.cat\/es\/la-agrupacion\/"]}]},{"@type":"BreadcrumbList","@id":"https:\/\/afc.cat\/es\/la-agrupacion\/#breadcrumb","itemListElement":[{"@type":"ListItem","position":1,"name":"Inicio","item":"https:\/\/afc.cat\/es\/"},{"@type":"ListItem","position":2,"name":"La Agrupaci\u00f3n"}]},{"@type":"WebSite","@id":"https:\/\/afc.cat\/es\/#website","url":"https:\/\/afc.cat\/es\/","name":"Agrupaci\u00f3 Fotogr\u00e0fica de Catalunya","description":"Fomento y divulgaci\u00f3n de la fotograf\u00eda en todas sus variedades","potentialAction":[{"@type":"SearchAction","target":{"@type":"EntryPoint","urlTemplate":"https:\/\/afc.cat\/es\/?s={search_term_string}"},"query-input":{"@type":"PropertyValueSpecification","valueRequired":true,"valueName":"search_term_string"}}],"inLanguage":"es"}]}},"_links":{"self":[{"href":"https:\/\/afc.cat\/es\/wp-json\/wp\/v2\/pages\/18480","targetHints":{"allow":["GET"]}}],"collection":[{"href":"https:\/\/afc.cat\/es\/wp-json\/wp\/v2\/pages"}],"about":[{"href":"https:\/\/afc.cat\/es\/wp-json\/wp\/v2\/types\/page"}],"author":[{"embeddable":true,"href":"https:\/\/afc.cat\/es\/wp-json\/wp\/v2\/users\/33"}],"replies":[{"embeddable":true,"href":"https:\/\/afc.cat\/es\/wp-json\/wp\/v2\/comments?post=18480"}],"version-history":[{"count":4,"href":"https:\/\/afc.cat\/es\/wp-json\/wp\/v2\/pages\/18480\/revisions"}],"predecessor-version":[{"id":39920,"href":"https:\/\/afc.cat\/es\/wp-json\/wp\/v2\/pages\/18480\/revisions\/39920"}],"wp:attachment":[{"href":"https:\/\/afc.cat\/es\/wp-json\/wp\/v2\/media?parent=18480"}],"curies":[{"name":"wp","href":"https:\/\/api.w.org\/{rel}","templated":true}]}}