{"id":18924,"date":"2021-02-19T13:30:23","date_gmt":"2021-02-19T11:30:23","guid":{"rendered":"http:\/\/afc-test.com.mialias.net\/?page_id=18924"},"modified":"2025-09-01T23:47:25","modified_gmt":"2025-09-01T21:47:25","slug":"politica-de-privacidad","status":"publish","type":"page","link":"https:\/\/afc.cat\/es\/politica-de-privacidad\/","title":{"rendered":"Pol\u00edtica de privacidad"},"content":{"rendered":"<div class=\"fusion-fullwidth fullwidth-box fusion-builder-row-1 fusion-flex-container nonhundred-percent-fullwidth non-hundred-percent-height-scrolling\" style=\"background-color: rgba(255,255,255,0);background-position: center center;background-repeat: no-repeat;border-width: 0px 0px 0px 0px;border-color:#ffffff;border-style:solid;\" ><div class=\"fusion-builder-row fusion-row fusion-flex-align-items-flex-start\" style=\"max-width:1300px;margin-left: calc(-4% \/ 2 );margin-right: calc(-4% \/ 2 );\"><div class=\"fusion-layout-column fusion_builder_column fusion-builder-column-0 fusion_builder_column_1_1 1_1 fusion-flex-column\"><div class=\"fusion-column-wrapper fusion-flex-justify-content-flex-start fusion-content-layout-column\" style=\"background-position:left top;background-repeat:no-repeat;-webkit-background-size:cover;-moz-background-size:cover;-o-background-size:cover;background-size:cover;padding: 0px 0px 0px 0px;\"><div class=\"fusion-text fusion-text-1\"><h3><strong>Primera. \u2013\u00bfEs usted mayor de 16 a\u00f1os?<\/strong><\/h3>\n<p>Necesitamos que confirme que es mayor de 16 a\u00f1os, si no lo fuese rogamos que no nos remita datos personales de ninguna clase ni haga uso de nuestras redes sociales.<\/p>\n<p>\u00c9sto tiene la raz\u00f3n de ser porque entendemos que deber\u00edas de pedir un consentimiento expr\u00e9s a tu familia para solicitar informaci\u00f3n o realizar ninguna aportaci\u00f3n a nuestras redes y adem\u00e1s, la normativa de protecci\u00f3n de datos establece un nivel de protecci\u00f3n superior por el hecho de tener datos de menores de esta edad, nos vemos obligados a asegurarnos que usted es, al menos, mayor de 16 a\u00f1os.<\/p>\n<h3>Segunda. \u2013 Nuestra Asociaci\u00f3n. Responsable del tratamiento.<\/h3>\n<p>Nuestra Asociaci\u00f3n sin \u00e1nimo de lucro se denomina AGRUPACI\u00d3 FOTOGR\u00c0FICA DE CATALUNYA y es la responsable de los datos personales que usted pueda haber dejado en los posibles formularios de nuestra web www.afc.cat, as\u00ed como las que ustedes nos han hecho llegar para solicitar informaci\u00f3n, o como socio, como proveedor, profesional o encargado del tratamiento.<\/p>\n<p>Los datos de la AGRUPACI\u00d3 FOTOGR\u00c0FICA DE CATALUNYA son:<\/p>\n<p>NIF: G58329152<\/p>\n<p>Direcci\u00f3n: CARRER DEL DUC 14 PRAL, 08002 &#8211; BARCELONA\u00a0 (Espa\u00f1a)<\/p>\n<p>Tel\u00e9fono: 933 016 581<\/p>\n<p>Correo electr\u00f3nico: afc@afc.cat<\/p>\n<h3>Tercera. \u2013El encargado del tratamiento. \u00bfC\u00f3mo hacer uso de sus derechos?<\/h3>\n<p>Como queremos facilitar sus derechos, le informamos que hemos puesto a su disposici\u00f3n la siguiente direcci\u00f3n de correo electr\u00f3nico espec\u00edfico para todo aqu\u00e9llo, no solamente para ejercer sus derechos, que guarde relaci\u00f3n con la protecci\u00f3n de sus datos: rgpd@afc.cat<\/p>\n<p>En este correo le atender\u00e1 el encargado del tractamiento. Hemos habilitado una persona miembro de la empresa y que, apoyado por profesionales externos en protecci\u00f3n de datos, realizar\u00e1 las tareas que corresponden al encargado del tratamiento con las garant\u00edas que marca la ley.<\/p>\n<p>As\u00ed cuando usted desee hacer uso de sus derechos de acceso, rectificaci\u00f3n, de olvido, de limitaci\u00f3n y de portabilidad, podr\u00e1 hacerlo solicit\u00e1ndolos a trav\u00e9s de este correo mediante la forma que despu\u00e9s le indicaremos.<\/p>\n<h3>Cuarta. \u2013 \u00bfLe afecta a usted nuestra pol\u00edtica de privacidad?<\/h3>\n<p>Es muy probable que no, ya que no de todo aqu\u00e9llo que consulte en nuestra p\u00e1gina web nos cede datos personales. En cualquier caso, debe saber que trataremos sus datos con el debido cuidado, de manera profesional y cumpliendo las obligaciones que el nuevo RGPD ha impuesto a todas las empresas e instituciones.<\/p>\n<p>S\u00ed le afectar\u00e1 si usted nos ha cedido alguno de sus datos personales. Estos datos son los que le hemos solicitado expresamente en los formularios que aparecen en nuestra p\u00e1gina web o en papel para solicitar informaci\u00f3n o para inscribirse en nuestra asociaci\u00f3n y que son \u00fanicamente los estrictamente necesarios porque cumplen con aqu\u00e9llo que nos solicita.<\/p>\n<p>En cualquier caso, siempre le pediremos que acepte nuestra pol\u00edtica de privacidad que encontrar\u00e1 resumida al lado del formulario o \u00edntegramente aqu\u00ed en esta p\u00e1gina.<\/p>\n<p>En resumen, le afecta si nos cede datos personales como su nombre, tel\u00e9fono, etc., si no, no.<\/p>\n<h3>Quinta. \u2013 Qu\u00e9 datos personales tenemos, licitud del tratamiento y cu\u00e1l es la finalidad de su cesi\u00f3n?<\/h3>\n<p>La respuesta es muy sencilla, los datos personales que tenemos de usted son las que usted nos ha cedido y autorizado su uso expresamente en los diferentes formularios.<\/p>\n<p>Estos datos usted los ha cedido porque le informamos de nuestros servicios, de nuestras cuotas de asociado, de sus derechos y deberes como tal, etc. o sea todo lo relacionado con las finalidades de nuestra asociaci\u00f3n que aparece en nuestros estatutos en su art\u00edculo 2: \u201cLos fines de la Asociaci\u00f3n son la promoci\u00f3n de las manifestaciones c\u00edvicas, art\u00edsticas y culturales y difundirlas entre el p\u00fablico en general y especialmente fomentar el arte de la fotograf\u00eda en sus aspectos art\u00edsticos, cient\u00edficos y sus derivados.\u201d, y por las que usted pide informaci\u00f3n y quiere ser socio de nuestra entidad, y sus accesorios en relaci\u00f3n a estas finalidades (cobrar cuotas de socios, contabilidad de nuestra agrupaci\u00f3n, facturar, etc.).<\/p>\n<p>La finalidad es, por lo tanto, la de llevar a efecto todo aquello que usted nos ha requerido y contestarle, o realizarlo, de acuerdo con el que usted nos ha pedido. Para lo cual es muy probable que tengamos que cederlos los datos a terceros puesto que nuestra asociaci\u00f3n por s\u00ed sola no podr\u00eda atender todo lo bien que se merece y contemos, aparte de con nuestros trabajadores, con terceros que nos ayuden a que usted tenga el mejor servicio del que podamos disponer.<\/p>\n<h3>Sexta. Cesi\u00f3n a terceros. No cesi\u00f3n internacional de datos.<\/h3>\n<p>Como ya le hemos expuesto, es probable que, para el cumplimiento del contrato encomendado por usted, hayamos de ceder sus datos a terceros. En cualquier caso, esto no es un problema puesto que nuestros contratos de privacidad con estos terceros garantizan que sus datos, sin su consentimiento expreso, sean utilizados fuera de la finalidad para los que usted los cedi\u00f3. Fuera de esto, salvo las obligaciones legales, no se ceder\u00e1n los datos a terceros.<\/p>\n<p>Nuestra asociaci\u00f3n AGRUPACI\u00d3N FOTOGR\u00c1FICA DE CATALU\u00d1A cuenta con empresas o particulares que colaboran para que la gesti\u00f3n y sus servicios ofrecidos a los socios sigan unos altos est\u00e1ndares de calidad.<\/p>\n<p>En ning\u00fan caso se ceder\u00e1n los datos a empresas de terceros pa\u00edses y todav\u00eda menos las de aquellos pa\u00edses que no se consideran seguros de acuerdo la AEPD.<\/p>\n<h3>S\u00e9ptima. \u2013 Cu\u00e1les son sus derechos y como se pueden ejercitar?<\/h3>\n<p>Derecho de Acceso: Arte. 15 RGPD. Tiene usted derecho a saber si estamos tratando sus datos, porque los estamos tratando, si los cedemos a terceros y a quienes, el plazo previsto de conservaci\u00f3n de sus datos, a rectificar, suprimir o limitar sus datos, es decir, ante qui\u00e9n o como hacer valer sus derechos y, en general, todo el que tenga relaci\u00f3n con sus datos estrictos y no vulneren ninguna norma.<\/p>\n<p>Derecho de Rectificaci\u00f3n: Arte 16\u00a0RGPD: \u00abEl interesado tiene derecho a obtener sin m\u00e1s dilaci\u00f3n indebida del responsable del tratamiento la rectificaci\u00f3n de los datos personales inexactos que le conciernan. Teniendo en cuenta las finalidades del tratamiento, el interesado tiene derecho que se completen los datos personales que sean incompletas, inclusivamente mediante una declaraci\u00f3n adicional. \u00bb<\/p>\n<p>Derecho de Supresi\u00f3n: Arte. 17\u00a0RGPD:\u00bb El interesado tiene derecho a obtener sin m\u00e1s dilaci\u00f3n indebida del responsable del tratamiento la supresi\u00f3n de los datos personales que le conciernan \u2026 \u00ab. Se tiene que tener presente que hay una serie de obligaciones legales, como, por ejemplo, ante la Hacienda P\u00fablica que obliga a mantener datos personales por un plazo determinado.<\/p>\n<p>Derecho a la limitaci\u00f3n del tratamiento: Arte. 18 RGPD. Usted podr\u00e1 pedir que se limite el uso de sus datos personales con las excepciones legales y bajo las circunstancias que recoge este art\u00edculo. En general, tendr\u00e1 que imperar la l\u00f3gica. No podr\u00e1 usted pedirnos,por ejemplo, que hagamos una factura sin su NIF o que no tengamos sus datos personales para hacerle socio.<\/p>\n<p>Derecho a la portabilidad de los datos: Arte. 20\u00a0RGPD. \u00ab1. El interesado tendr\u00e1 derecho a recibir los datos personales que le incumban, que haya facilitado un responsable del tratamiento, en un formato estructurado, de uso com\u00fan y lectura mec\u00e1nica, ya transmitirlos a otro responsable del tratamiento sin que lo impida el responsable \u2026 \u00abtodo esto en las circunstancias descritas en este art\u00edculo que b\u00e1sicamente lo permiten si es proporcionado, si es \u00e1gil, si no perjudica terceros y siempre que no infrinjan ni este ni cabe otro precepto. Es muy probable que este art\u00edculo este referido principalmente a las compa\u00f1\u00edas telef\u00f3nicas y es de dif\u00edcil ensambladura en nuestra asociaci\u00f3n que tendr\u00e1 de usted los m\u00ednimos datos posibles y necesarias y que no parece que tenga sentido llevar sus datos a otro asociaci\u00f3n fotogr\u00e1fica?<\/p>\n<p>Derecho de oposici\u00f3n: Arte. 21\u00a0RGPD. Usted puede oponer a que sus datos sean tratados y podr\u00e1 ejercitar sus derechos, pero, recuerde qu\u00e9 es muy probable que no podamos evitar el tratamiento de sus datos a efectos administrativos y fiscales puesto que hay una serie de leyes que nos obliguen a identificarlo. En el apartado tercero ya le indicamos donde ten\u00eda que ejercer: a trav\u00e9s de nuestro correo electr\u00f3nico rgpd@afc.cat donde, en el menor tiempo posible (nos hemos impuesto una semana para realizar la contestaci\u00f3n), atenderemos sus reclamaciones. Solo le pedimos que haga una petici\u00f3n clara y expr\u00e9s del que pretende y que lo acompa\u00f1e de una copia de su DNI y, si act\u00faa en nombre de una empresa, tambi\u00e9n de una copia del apoderamiento o raz\u00f3n de su representaci\u00f3n.<\/p>\n<h3>Octava. \u2013 Cu\u00e1nto de tiempo habremos suyos datos?<\/h3>\n<p>La contestaci\u00f3n m\u00e1s sencilla es la m\u00e1s evidente: mientras seguimos teniendo una relaci\u00f3n seguiremos teniendo tus datos. Si conseguimos que est\u00e9s contento con nuestros servicios como asociado y sigues dentro de la nuestro asociaci\u00f3n el que no tiene sentido es que borramos tus datos y te los volvemos a pedir, una y otro vez, no solo es molesto para usted, sino que no es coherente con una actuaci\u00f3n m\u00ednimamente profesional. Por otro lado, si usted solo nos ha pedido una informaci\u00f3n, la hemos dado pero no ha llegado a ser usted socio nuestro, en un plazo de 12 meses borraremos sus datos siempre que una obligaci\u00f3n legal no nos lo impida.<\/p>\n<p>En resumen, quitado obligaciones legales y que siga siendo socio nuestro procederemos a borrar sus datos en un periodo m\u00e1ximo de 12 meses.<\/p>\n<h3>Novena. \u2013 Datos de navegaci\u00f3n.<\/h3>\n<p>Las cookies solo pretenden favorecer la navegaci\u00f3n y al entrar a la p\u00e1gina web se le hace conocedor de su existencia y se le pide que las acepte. No haremos ninguna utilizaci\u00f3n de los datos de navegaci\u00f3n que pueda poner en peligro sus datos personales o le puedan identificar y, record\u00e1is, nunca cederemos sus datos a terceros fuera de la finalidad para los cuales fueron recogidos y cedidos por usted de forma expr\u00e9s.<\/p>\n<h3>D\u00e9cima. \u2013 Adaptaci\u00f3n y cambios.<\/h3>\n<p>La pol\u00edtica de privacidad que usted est\u00e1 leyendo est\u00e1 sujeta a los cambios que se deriven de las modificaciones legislativas, as\u00ed como de nuestro intento de ir mejor\u00e1ndola siempre en su favor y para evitar posibles escapes o cesiones no consentidas a terceros. Para cualquier asunto, duda o sugerencia relacionada con esta pol\u00edtica recuerde que tiene accesible las 24 horas nuestro correo electr\u00f3nico rgpd@afc.cat y siempre tiene derecho a realizar la reclamaci\u00f3n que considere pertinente ante la Agencia Espa\u00f1ola de Protecci\u00f3n de Datos\u00a0 https:\/\/sedeagpd.gob.es\/sede-electronica-web\/vistas\/infoSede\/tramitesCiudadano.jsf<\/p>\n<\/div><\/div><style type=\"text\/css\">.fusion-body .fusion-builder-column-0{width:100% !important;margin-top : 0px;margin-bottom : 0px;}.fusion-builder-column-0 > .fusion-column-wrapper {padding-top : 0px !important;padding-right : 0px !important;margin-right : 1.92%;padding-bottom : 0px !important;padding-left : 0px !important;margin-left : 1.92%;}@media only screen and (max-width:1024px) {.fusion-body .fusion-builder-column-0{width:100% !important;}.fusion-builder-column-0 > .fusion-column-wrapper {margin-right : 1.92%;margin-left : 1.92%;}}@media only screen and (max-width:640px) {.fusion-body .fusion-builder-column-0{width:100% !important;}.fusion-builder-column-0 > .fusion-column-wrapper {margin-right : 1.92%;margin-left : 1.92%;}}<\/style><\/div><\/div><style type=\"text\/css\">.fusion-body .fusion-flex-container.fusion-builder-row-1{ padding-top : 0px;margin-top : 0px;padding-right : 0px;padding-bottom : 0px;margin-bottom : 0px;padding-left : 0px;}<\/style><\/div>\n","protected":false},"excerpt":{"rendered":"","protected":false},"author":33,"featured_media":0,"parent":0,"menu_order":0,"comment_status":"closed","ping_status":"open","template":"","meta":{"_acf_changed":false,"footnotes":""},"class_list":["post-18924","page","type-page","status-publish","hentry"],"acf":[],"yoast_head":"<!-- This site is optimized with the Yoast SEO plugin v27.2 - https:\/\/yoast.com\/product\/yoast-seo-wordpress\/ -->\n<title>Pol\u00edtica de privacidad - Agrupaci\u00f3 Fotogr\u00e0fica de Catalunya<\/title>\n<meta name=\"robots\" content=\"index, follow, max-snippet:-1, max-image-preview:large, max-video-preview:-1\" \/>\n<link rel=\"canonical\" href=\"https:\/\/afc.cat\/es\/politica-de-privacidad\/\" \/>\n<meta property=\"og:locale\" content=\"es_ES\" \/>\n<meta property=\"og:type\" content=\"article\" \/>\n<meta property=\"og:title\" content=\"Pol\u00edtica de privacidad - Agrupaci\u00f3 Fotogr\u00e0fica de Catalunya\" \/>\n<meta property=\"og:url\" content=\"https:\/\/afc.cat\/es\/politica-de-privacidad\/\" \/>\n<meta property=\"og:site_name\" content=\"Agrupaci\u00f3 Fotogr\u00e0fica de Catalunya\" \/>\n<meta property=\"article:modified_time\" content=\"2025-09-01T21:47:25+00:00\" \/>\n<meta name=\"twitter:card\" content=\"summary_large_image\" \/>\n<meta name=\"twitter:label1\" content=\"Tiempo de lectura\" \/>\n\t<meta name=\"twitter:data1\" content=\"8 minutos\" \/>\n<script type=\"application\/ld+json\" class=\"yoast-schema-graph\">{\"@context\":\"https:\/\/schema.org\",\"@graph\":[{\"@type\":\"WebPage\",\"@id\":\"https:\/\/afc.cat\/es\/politica-de-privacidad\/\",\"url\":\"https:\/\/afc.cat\/es\/politica-de-privacidad\/\",\"name\":\"Pol\u00edtica de privacidad - Agrupaci\u00f3 Fotogr\u00e0fica de Catalunya\",\"isPartOf\":{\"@id\":\"https:\/\/afc.cat\/es\/#website\"},\"datePublished\":\"2021-02-19T11:30:23+00:00\",\"dateModified\":\"2025-09-01T21:47:25+00:00\",\"breadcrumb\":{\"@id\":\"https:\/\/afc.cat\/es\/politica-de-privacidad\/#breadcrumb\"},\"inLanguage\":\"es\",\"potentialAction\":[{\"@type\":\"ReadAction\",\"target\":[\"https:\/\/afc.cat\/es\/politica-de-privacidad\/\"]}]},{\"@type\":\"BreadcrumbList\",\"@id\":\"https:\/\/afc.cat\/es\/politica-de-privacidad\/#breadcrumb\",\"itemListElement\":[{\"@type\":\"ListItem\",\"position\":1,\"name\":\"Inicio\",\"item\":\"https:\/\/afc.cat\/es\/\"},{\"@type\":\"ListItem\",\"position\":2,\"name\":\"Pol\u00edtica de privacidad\"}]},{\"@type\":\"WebSite\",\"@id\":\"https:\/\/afc.cat\/es\/#website\",\"url\":\"https:\/\/afc.cat\/es\/\",\"name\":\"Agrupaci\u00f3 Fotogr\u00e0fica de Catalunya\",\"description\":\"Fomento y divulgaci\u00f3n de la fotograf\u00eda en todas sus variedades\",\"potentialAction\":[{\"@type\":\"SearchAction\",\"target\":{\"@type\":\"EntryPoint\",\"urlTemplate\":\"https:\/\/afc.cat\/es\/?s={search_term_string}\"},\"query-input\":{\"@type\":\"PropertyValueSpecification\",\"valueRequired\":true,\"valueName\":\"search_term_string\"}}],\"inLanguage\":\"es\"}]}<\/script>\n<!-- \/ Yoast SEO plugin. -->","yoast_head_json":{"title":"Pol\u00edtica de privacidad - Agrupaci\u00f3 Fotogr\u00e0fica de Catalunya","robots":{"index":"index","follow":"follow","max-snippet":"max-snippet:-1","max-image-preview":"max-image-preview:large","max-video-preview":"max-video-preview:-1"},"canonical":"https:\/\/afc.cat\/es\/politica-de-privacidad\/","og_locale":"es_ES","og_type":"article","og_title":"Pol\u00edtica de privacidad - Agrupaci\u00f3 Fotogr\u00e0fica de Catalunya","og_url":"https:\/\/afc.cat\/es\/politica-de-privacidad\/","og_site_name":"Agrupaci\u00f3 Fotogr\u00e0fica de Catalunya","article_modified_time":"2025-09-01T21:47:25+00:00","twitter_card":"summary_large_image","twitter_misc":{"Tiempo de lectura":"8 minutos"},"schema":{"@context":"https:\/\/schema.org","@graph":[{"@type":"WebPage","@id":"https:\/\/afc.cat\/es\/politica-de-privacidad\/","url":"https:\/\/afc.cat\/es\/politica-de-privacidad\/","name":"Pol\u00edtica de privacidad - Agrupaci\u00f3 Fotogr\u00e0fica de Catalunya","isPartOf":{"@id":"https:\/\/afc.cat\/es\/#website"},"datePublished":"2021-02-19T11:30:23+00:00","dateModified":"2025-09-01T21:47:25+00:00","breadcrumb":{"@id":"https:\/\/afc.cat\/es\/politica-de-privacidad\/#breadcrumb"},"inLanguage":"es","potentialAction":[{"@type":"ReadAction","target":["https:\/\/afc.cat\/es\/politica-de-privacidad\/"]}]},{"@type":"BreadcrumbList","@id":"https:\/\/afc.cat\/es\/politica-de-privacidad\/#breadcrumb","itemListElement":[{"@type":"ListItem","position":1,"name":"Inicio","item":"https:\/\/afc.cat\/es\/"},{"@type":"ListItem","position":2,"name":"Pol\u00edtica de privacidad"}]},{"@type":"WebSite","@id":"https:\/\/afc.cat\/es\/#website","url":"https:\/\/afc.cat\/es\/","name":"Agrupaci\u00f3 Fotogr\u00e0fica de Catalunya","description":"Fomento y divulgaci\u00f3n de la fotograf\u00eda en todas sus variedades","potentialAction":[{"@type":"SearchAction","target":{"@type":"EntryPoint","urlTemplate":"https:\/\/afc.cat\/es\/?s={search_term_string}"},"query-input":{"@type":"PropertyValueSpecification","valueRequired":true,"valueName":"search_term_string"}}],"inLanguage":"es"}]}},"_links":{"self":[{"href":"https:\/\/afc.cat\/es\/wp-json\/wp\/v2\/pages\/18924","targetHints":{"allow":["GET"]}}],"collection":[{"href":"https:\/\/afc.cat\/es\/wp-json\/wp\/v2\/pages"}],"about":[{"href":"https:\/\/afc.cat\/es\/wp-json\/wp\/v2\/types\/page"}],"author":[{"embeddable":true,"href":"https:\/\/afc.cat\/es\/wp-json\/wp\/v2\/users\/33"}],"replies":[{"embeddable":true,"href":"https:\/\/afc.cat\/es\/wp-json\/wp\/v2\/comments?post=18924"}],"version-history":[{"count":11,"href":"https:\/\/afc.cat\/es\/wp-json\/wp\/v2\/pages\/18924\/revisions"}],"predecessor-version":[{"id":44004,"href":"https:\/\/afc.cat\/es\/wp-json\/wp\/v2\/pages\/18924\/revisions\/44004"}],"wp:attachment":[{"href":"https:\/\/afc.cat\/es\/wp-json\/wp\/v2\/media?parent=18924"}],"curies":[{"name":"wp","href":"https:\/\/api.w.org\/{rel}","templated":true}]}}