{"id":18934,"date":"2021-02-20T11:52:56","date_gmt":"2021-02-20T09:52:56","guid":{"rendered":"http:\/\/afc-test.com.mialias.net\/?page_id=18934"},"modified":"2021-02-21T16:36:47","modified_gmt":"2021-02-21T14:36:47","slug":"politica-de-cookies","status":"publish","type":"page","link":"https:\/\/afc.cat\/es\/politica-de-cookies\/","title":{"rendered":"Pol\u00edtica de cookies"},"content":{"rendered":"<div class=\"fusion-fullwidth fullwidth-box fusion-builder-row-1 fusion-flex-container nonhundred-percent-fullwidth non-hundred-percent-height-scrolling\" style=\"background-color: rgba(255,255,255,0);background-position: center center;background-repeat: no-repeat;border-width: 0px 0px 0px 0px;border-color:#ffffff;border-style:solid;\" ><div class=\"fusion-builder-row fusion-row fusion-flex-align-items-flex-start\" style=\"max-width:1300px;margin-left: calc(-4% \/ 2 );margin-right: calc(-4% \/ 2 );\"><div class=\"fusion-layout-column fusion_builder_column fusion-builder-column-0 fusion_builder_column_1_1 1_1 fusion-flex-column\"><div class=\"fusion-column-wrapper fusion-flex-justify-content-flex-start fusion-content-layout-column\" style=\"background-position:left top;background-repeat:no-repeat;-webkit-background-size:cover;-moz-background-size:cover;-o-background-size:cover;background-size:cover;padding: 0px 0px 0px 0px;\"><div class=\"fusion-text fusion-text-1\"><p>Las cookies son peque\u00f1os archivos de texto almacenados en su navegador cuando utiliza los sitios Web o aplicaciones (app\u2019s). Puede controlar c\u00f3mo se utilizan estas cookies mediante la configuraci\u00f3n de los ajustes en la privacidad del navegador (ver ayuda del navegador para obtener m\u00e1s informaci\u00f3n sobre el control de cookies). Tenga en cuenta que si se desactiva por completo las cookies, los sitios Web y las aplicaciones de NOMBRE DEL CLIENTE, es posible que no funcionen correctamente.<\/p>\n<p>NOMBRE DEL CLIENTE y las empresas que nos ayudan a administrar nuestros negocios hacen uso de cookies de diferentes maneras, por ejemplo:<\/p>\n<ul>\n<li>Autenticar e identificar a los usuarios de los sitios y en nuestras aplicaciones para que podamos ofrecer los servicios requeridos.<\/li>\n<li>Recordar las preferencias del usuario.<\/li>\n<li>Medir el uso de los sitios Web por parte del usuario para que podamos mejorarlas, personalizar los sitios Web y servicios en l\u00ednea basado en los intereses del usuario y la realizaci\u00f3n de estudios de mercado.<\/li>\n<li>Analizar los h\u00e1bitos de navegaci\u00f3n de los usuarios para proporcionar mensajes m\u00e1s personalizados y\/o espec\u00edficos.<\/li>\n<\/ul>\n<p><strong><br \/>\nTecnolog\u00edas similares para cookies<\/strong><\/p>\n<p>Desde un punto de vista t\u00e9cnico, las cookies se llaman \u00abcookies HTTP\u00bb. Existen otras tecnolog\u00edas que pueden utilizarse para fines similares, tales como almacenamiento local de HTML5. Para autenticar a los usuarios, realizar un seguimiento de la informaci\u00f3n proporcionada por los usuarios y recordar las preferencias del usuario.<\/p>\n<p><strong>Contadores de visitas web y scripts incrustados<\/strong><\/p>\n<p>Contadores de visitas web y scripts incrustados son otras tecnolog\u00edas que utilizamos en nuestros sitios web y en nuestras aplicaciones, y en algunos de nuestros correos electr\u00f3nicos y nuestros mensajes.<br \/>\nContadores de visita (o \u00abtag\u00bb) se componen de c\u00f3digo de programaci\u00f3n sencillo incrustados en p\u00e1ginas web, correos electr\u00f3nicos y mensajes que se comunican con NOMBRE DEL CLIENTE (o empresas que nos ayudan a llevar nuestro negocio), cuando este tipo de p\u00e1ginas web, correos electr\u00f3nicos o mensajes han sido vistos o se hace clic en ellos.<\/p>\n<p>Los scripts incrustados programan c\u00f3digo dentro de algunas de nuestras p\u00e1ginas para medir el modo de uso de los mismos, por ejemplo, los enlaces que utiliza. Utilizamos esta informaci\u00f3n para mejorar nuestros sitios web y los servicios en l\u00ednea, para adaptarla a los intereses de los potenciales usuarios y para llevar a cabo estudios de mercado. Los usuarios pueden deshabilitar las caracter\u00edsticas de secuencias de comandos, tales como JavaScript, en el navegador (ver funci\u00f3n de ayuda del navegador). Tenga en cuenta que si deshabilita las capacidades de scripting, algunos sitios Web y las aplicaciones de NOMBRE DEL CLIENTE puede no funcionar correctamente.<\/p>\n<p><strong>Navegador de control para bloquear las cookies<br \/>\n<\/strong><br \/>\nLa mayor\u00eda de los navegadores aceptan cookies autom\u00e1ticamente, pero se puede cambiar la configuraci\u00f3n del navegador para bloquear las cookies. Por ejemplo, en Internet Explorer 11, las cookies pueden ser bloqueadas con el siguiente procedimiento:<\/p>\n<p>1. Haga clic en \u00abHerramientas\u00bb y seleccione \u00abOpciones de Internet\u00bb.<br \/>\n2. Seleccione la pesta\u00f1a \u00abPrivacidad\u00bb en la parte superior de la ventana.<br \/>\n3. Mover el cursor hacia arriba o hacia abajo para seleccionar los tipos de cookies para ser bloqueado.<\/p>\n<p>Las instrucciones para bloquear las cookies en otros navegadores est\u00e1n disponibles en la secci\u00f3n de privacidad de cada navegador.<br \/>\nTenga en cuenta que si decide bloquear las cookies, no podr\u00e1 acceder o utilizar otras funciones interactivas de los sitios y servicios de NOMBRE DEL CLIENTE basada en cookies.<\/p>\n<p><strong>Navegador de control para borrar las cookies<br \/>\n<\/strong><br \/>\nSi acepta las cookies, m\u00e1s tarde las puede eliminar. Por ejemplo, en Google Chrome las cookies se pueden eliminar mediante el siguiente procedimiento:<\/p>\n<p>1. Abre Chrome en tu ordenador.<br \/>\n2. Ve a la parte superior derecha y haz clic en M\u00e1s.<br \/>\n3. Haz clic en M\u00e1s herramientas&gt;Borrar datos de navegaci\u00f3n.<br \/>\n4. En la parte superior, elige un intervalo de tiempo. Para borrar todos los datos, selecciona Todos los periodos.<br \/>\n5. Marca las casillas junto a \u00abCookies y otros datos de sitios\u00bb y \u00abArchivos e im\u00e1genes almacenados en cach\u00e9\u00bb.<br \/>\n6. Haz clic en \u00abBorrar los datos\u00bb.<\/p>\n<p>Las instrucciones para borrar las cookies en otros navegadores est\u00e1n disponibles en la \u201cdeclaraci\u00f3n de privacidad\u201d de cada navegador.<br \/>\nSi elimina las cookies, las configuraciones y preferencias controladas por estas, incluyendo preferencias de publicidad, ser\u00e1n eliminadas.<\/p>\n<p><strong>Controles anal\u00edticos de terceros<br \/>\n<\/strong><br \/>\nComo se describe en detalle m\u00e1s adelante, muchos sitios web y servicios en l\u00ednea de NOMBRE DEL CLIENTE y otras empresas, que utilizan los servicios de an\u00e1lisis con las cookies de terceros y contadores web para recopilar estad\u00edsticas globales respecto a la efectividad de las campa\u00f1as promocionales u otras operaciones del sitio Web. El usuario puede rechazar la recopilaci\u00f3n o el uso de los datos haciendo clic en el siguiente enlace:<br \/>\nGoogle Analytics:http:\/\/tools.google.com\/dlpage\/gaoptout (requiere la instalaci\u00f3n de un complemento del navegador)<\/p>\n<p><strong>Las cookies y direcciones IP<br \/>\n<\/strong><br \/>\nPodemos obtener datos sobre su ordenador, incluyendo cuando sea posible, su direcci\u00f3n de IP, sistema operativo y tipo de navegador, para nuestros sistemas de gesti\u00f3n. Estos datos se utilizan para compilar estad\u00edsticas sobre las acciones realizadas durante la navegaci\u00f3n por los usuarios y no requieren ning\u00fan tipo de identificaci\u00f3n. Por la misma raz\u00f3n, podemos obtener informaci\u00f3n sobre su uso general de Internet mediante el uso de una cookie que se almacena en el disco duro del ordenador. Las cookies contienen cierta informaci\u00f3n que se transfiere al disco duro de su ordenador y nos ayuda a mejorar nuestro sitio Web y proporcionar un servicio mejor y personalizado.<\/p>\n<p>En resumen, nos permiten:<\/p>\n<p>Hacer una estimaci\u00f3n general de la cantidad de nuestros visitantes y c\u00f3mo utilizar nuestro sitio.<\/p>\n<ul>\n<li style=\"list-style-type: none;\">\n<ul>\n<li>Reconocerle cuando regrese a nuestro sitio.<\/li>\n<li>Almacenar informaci\u00f3n acerca de sus preferencias con el fin de personalizar nuestro sitio de acuerdo a sus intereses.<\/li>\n<li>Acelerar sus b\u00fasquedas.<\/li>\n<li>Adem\u00e1s, permitimos que algunos terceros recopilen las cookies utilizadas en nuestra p\u00e1gina web.<\/li>\n<\/ul>\n<\/li>\n<\/ul>\n<p>As\u00ed pues, las cookies nos permiten:<\/p>\n<ul>\n<li style=\"list-style-type: none;\">\n<ul>\n<li style=\"list-style-type: none;\">\n<ul>\n<li>Conocer la primera y \u00faltima p\u00e1gina que visita y el n\u00famero total de visitas al sitio Web.<\/li>\n<li>Conocer cu\u00e1nto tiempo pasa en cada una de las p\u00e1ginas de nuestro sitio Web.<\/li>\n<li>Conocer c\u00f3mo sea usado este sitio Web.<\/li>\n<li>Conocer c\u00f3mo se ha iniciado sesi\u00f3n, incluyendo cualquier b\u00fasqueda por palabra clave, la informaci\u00f3n del motor de b\u00fasqueda o referencias.<\/li>\n<\/ul>\n<\/li>\n<\/ul>\n<\/li>\n<\/ul>\n<p><strong>Lista de cookies<\/strong><\/p>\n<p>La siguiente es una lista de las cookies utilizadas en este sitio web:<\/p>\n<ul>\n<li style=\"list-style-type: none;\">\n<ul>\n<li style=\"list-style-type: none;\">\n<ul>\n<li>EUCookieConsent<\/li>\n<li>_ga<\/li>\n<li>_gid<\/li>\n<li>splash<\/li>\n<li>urlAnt<\/li>\n<li>wordpress_logged_in<\/li>\n<li>wordpress_secwordpress_test_cookie<\/li>\n<li>wp-settings-1<\/li>\n<li>wp-settings-time-1<\/li>\n<\/ul>\n<\/li>\n<\/ul>\n<\/li>\n<\/ul>\n<p>Para obtener m\u00e1s informaci\u00f3n acerca de las cookies en general, y de c\u00f3mo restringir o bloquear las cookies usadas por este sitio web, por favor visite aboutcookies.org<br \/>\nTenga en cuenta que si limita el uso de cookies de este sitio web, podr\u00eda disminuir su funcionalidad y facilidad de uso.<\/p>\n<p>&#8212;&#8211;<\/p>\n<p><strong>Barra<\/strong>:<br \/>\nUtilizamos cookies propias. Al hacer clic en el bot\u00f3n \u00abAceptar\u00bb, aceptas que las guardemos para mejorar tu experiencia durante la navegaci\u00f3n. Puedes obtener m\u00e1s informaci\u00f3n en nuestra Pol\u00edtica de Cookies.<\/p>\n<p><strong>CONFIGURACI\u00d3N DE LAS COOKIES &#8211; ACEPTAR<\/strong><\/p>\n<p><strong>Resumen de la privacidad<\/strong><\/p>\n<p>En cumplimiento de lo establecido en la normativa aplicable de Protecci\u00f3n de Datos, le informamos que los datos que ser\u00e1n tratados como Responsable por NOMBRE DEL CLIENTE, cuya finalidad del tratamiento es la prestaci\u00f3n del servicio que el usuario solicite a trav\u00e9s de nuestro formulario de contacto y para ello necesitamos que marque la casilla habilitada que indica la aceptaci\u00f3n de esta pol\u00edtica, de tal manera que si no lo hace no tendremos su consentimiento expreso y por ello no podremos dar respuesta a su solicitud.<\/p>\n<p><strong>Necesarias<\/strong><br \/>\nLas cookies necesarias son absolutamente esenciales para que el sitio web funcione correctamente. Esta categor\u00eda solo incluye cookies que garantizan funcionalidades b\u00e1sicas y caracter\u00edsticas de seguridad del sitio web. Estas cookies no almacenan ninguna informaci\u00f3n personal.<\/p>\n<p><strong>No Necesarias<\/strong><\/p>\n<p>Las cookies que pueden no ser particularmente necesarias para el funcionamiento del sitio web y que se utilizan espec\u00edficamente para recopilar datos personales del usuario a trav\u00e9s de an\u00e1lisis, anuncios y otros contenidos integrados se denominan cookies no necesarias. Es obligatorio obtener el consentimiento del usuario antes de ejecutar estas cookies en su sitio web.<\/p>\n<\/div><\/div><style type=\"text\/css\">.fusion-body .fusion-builder-column-0{width:100% !important;margin-top : 0px;margin-bottom : 0px;}.fusion-builder-column-0 > .fusion-column-wrapper {padding-top : 0px !important;padding-right : 0px !important;margin-right : 1.92%;padding-bottom : 0px !important;padding-left : 0px !important;margin-left : 1.92%;}@media only screen and (max-width:1024px) {.fusion-body .fusion-builder-column-0{width:100% !important;}.fusion-builder-column-0 > .fusion-column-wrapper {margin-right : 1.92%;margin-left : 1.92%;}}@media only screen and (max-width:640px) {.fusion-body .fusion-builder-column-0{width:100% !important;}.fusion-builder-column-0 > .fusion-column-wrapper {margin-right : 1.92%;margin-left : 1.92%;}}<\/style><\/div><\/div><style type=\"text\/css\">.fusion-body .fusion-flex-container.fusion-builder-row-1{ padding-top : 0px;margin-top : 0px;padding-right : 0px;padding-bottom : 0px;margin-bottom : 0px;padding-left : 0px;}<\/style><\/div>\n","protected":false},"excerpt":{"rendered":"","protected":false},"author":33,"featured_media":0,"parent":0,"menu_order":0,"comment_status":"closed","ping_status":"open","template":"","meta":{"_acf_changed":false,"footnotes":""},"class_list":["post-18934","page","type-page","status-publish","hentry"],"acf":[],"yoast_head":"<!-- This site is optimized with the Yoast SEO plugin v27.2 - https:\/\/yoast.com\/product\/yoast-seo-wordpress\/ -->\n<title>Pol\u00edtica de cookies - Agrupaci\u00f3 Fotogr\u00e0fica de Catalunya<\/title>\n<meta name=\"robots\" content=\"index, follow, max-snippet:-1, max-image-preview:large, max-video-preview:-1\" \/>\n<link rel=\"canonical\" href=\"https:\/\/afc.cat\/es\/politica-de-cookies\/\" \/>\n<meta property=\"og:locale\" content=\"es_ES\" \/>\n<meta property=\"og:type\" content=\"article\" \/>\n<meta property=\"og:title\" content=\"Pol\u00edtica de cookies - Agrupaci\u00f3 Fotogr\u00e0fica de Catalunya\" \/>\n<meta property=\"og:url\" content=\"https:\/\/afc.cat\/es\/politica-de-cookies\/\" \/>\n<meta property=\"og:site_name\" content=\"Agrupaci\u00f3 Fotogr\u00e0fica de Catalunya\" \/>\n<meta property=\"article:modified_time\" content=\"2021-02-21T14:36:47+00:00\" \/>\n<meta name=\"twitter:card\" content=\"summary_large_image\" \/>\n<meta name=\"twitter:label1\" content=\"Tiempo de lectura\" \/>\n\t<meta name=\"twitter:data1\" content=\"8 minutos\" \/>\n<script type=\"application\/ld+json\" class=\"yoast-schema-graph\">{\"@context\":\"https:\/\/schema.org\",\"@graph\":[{\"@type\":\"WebPage\",\"@id\":\"https:\/\/afc.cat\/es\/politica-de-cookies\/\",\"url\":\"https:\/\/afc.cat\/es\/politica-de-cookies\/\",\"name\":\"Pol\u00edtica de cookies - Agrupaci\u00f3 Fotogr\u00e0fica de Catalunya\",\"isPartOf\":{\"@id\":\"https:\/\/afc.cat\/es\/#website\"},\"datePublished\":\"2021-02-20T09:52:56+00:00\",\"dateModified\":\"2021-02-21T14:36:47+00:00\",\"breadcrumb\":{\"@id\":\"https:\/\/afc.cat\/es\/politica-de-cookies\/#breadcrumb\"},\"inLanguage\":\"es\",\"potentialAction\":[{\"@type\":\"ReadAction\",\"target\":[\"https:\/\/afc.cat\/es\/politica-de-cookies\/\"]}]},{\"@type\":\"BreadcrumbList\",\"@id\":\"https:\/\/afc.cat\/es\/politica-de-cookies\/#breadcrumb\",\"itemListElement\":[{\"@type\":\"ListItem\",\"position\":1,\"name\":\"Inicio\",\"item\":\"https:\/\/afc.cat\/es\/\"},{\"@type\":\"ListItem\",\"position\":2,\"name\":\"Pol\u00edtica de cookies\"}]},{\"@type\":\"WebSite\",\"@id\":\"https:\/\/afc.cat\/es\/#website\",\"url\":\"https:\/\/afc.cat\/es\/\",\"name\":\"Agrupaci\u00f3 Fotogr\u00e0fica de Catalunya\",\"description\":\"Fomento y divulgaci\u00f3n de la fotograf\u00eda en todas sus variedades\",\"potentialAction\":[{\"@type\":\"SearchAction\",\"target\":{\"@type\":\"EntryPoint\",\"urlTemplate\":\"https:\/\/afc.cat\/es\/?s={search_term_string}\"},\"query-input\":{\"@type\":\"PropertyValueSpecification\",\"valueRequired\":true,\"valueName\":\"search_term_string\"}}],\"inLanguage\":\"es\"}]}<\/script>\n<!-- \/ Yoast SEO plugin. -->","yoast_head_json":{"title":"Pol\u00edtica de cookies - Agrupaci\u00f3 Fotogr\u00e0fica de Catalunya","robots":{"index":"index","follow":"follow","max-snippet":"max-snippet:-1","max-image-preview":"max-image-preview:large","max-video-preview":"max-video-preview:-1"},"canonical":"https:\/\/afc.cat\/es\/politica-de-cookies\/","og_locale":"es_ES","og_type":"article","og_title":"Pol\u00edtica de cookies - Agrupaci\u00f3 Fotogr\u00e0fica de Catalunya","og_url":"https:\/\/afc.cat\/es\/politica-de-cookies\/","og_site_name":"Agrupaci\u00f3 Fotogr\u00e0fica de Catalunya","article_modified_time":"2021-02-21T14:36:47+00:00","twitter_card":"summary_large_image","twitter_misc":{"Tiempo de lectura":"8 minutos"},"schema":{"@context":"https:\/\/schema.org","@graph":[{"@type":"WebPage","@id":"https:\/\/afc.cat\/es\/politica-de-cookies\/","url":"https:\/\/afc.cat\/es\/politica-de-cookies\/","name":"Pol\u00edtica de cookies - Agrupaci\u00f3 Fotogr\u00e0fica de Catalunya","isPartOf":{"@id":"https:\/\/afc.cat\/es\/#website"},"datePublished":"2021-02-20T09:52:56+00:00","dateModified":"2021-02-21T14:36:47+00:00","breadcrumb":{"@id":"https:\/\/afc.cat\/es\/politica-de-cookies\/#breadcrumb"},"inLanguage":"es","potentialAction":[{"@type":"ReadAction","target":["https:\/\/afc.cat\/es\/politica-de-cookies\/"]}]},{"@type":"BreadcrumbList","@id":"https:\/\/afc.cat\/es\/politica-de-cookies\/#breadcrumb","itemListElement":[{"@type":"ListItem","position":1,"name":"Inicio","item":"https:\/\/afc.cat\/es\/"},{"@type":"ListItem","position":2,"name":"Pol\u00edtica de cookies"}]},{"@type":"WebSite","@id":"https:\/\/afc.cat\/es\/#website","url":"https:\/\/afc.cat\/es\/","name":"Agrupaci\u00f3 Fotogr\u00e0fica de Catalunya","description":"Fomento y divulgaci\u00f3n de la fotograf\u00eda en todas sus variedades","potentialAction":[{"@type":"SearchAction","target":{"@type":"EntryPoint","urlTemplate":"https:\/\/afc.cat\/es\/?s={search_term_string}"},"query-input":{"@type":"PropertyValueSpecification","valueRequired":true,"valueName":"search_term_string"}}],"inLanguage":"es"}]}},"_links":{"self":[{"href":"https:\/\/afc.cat\/es\/wp-json\/wp\/v2\/pages\/18934","targetHints":{"allow":["GET"]}}],"collection":[{"href":"https:\/\/afc.cat\/es\/wp-json\/wp\/v2\/pages"}],"about":[{"href":"https:\/\/afc.cat\/es\/wp-json\/wp\/v2\/types\/page"}],"author":[{"embeddable":true,"href":"https:\/\/afc.cat\/es\/wp-json\/wp\/v2\/users\/33"}],"replies":[{"embeddable":true,"href":"https:\/\/afc.cat\/es\/wp-json\/wp\/v2\/comments?post=18934"}],"version-history":[{"count":2,"href":"https:\/\/afc.cat\/es\/wp-json\/wp\/v2\/pages\/18934\/revisions"}],"predecessor-version":[{"id":18937,"href":"https:\/\/afc.cat\/es\/wp-json\/wp\/v2\/pages\/18934\/revisions\/18937"}],"wp:attachment":[{"href":"https:\/\/afc.cat\/es\/wp-json\/wp\/v2\/media?parent=18934"}],"curies":[{"name":"wp","href":"https:\/\/api.w.org\/{rel}","templated":true}]}}