{"id":19517,"date":"2021-04-07T11:57:07","date_gmt":"2021-04-07T09:57:07","guid":{"rendered":"http:\/\/afc-test.com.mialias.net\/?page_id=19517"},"modified":"2021-04-07T11:57:07","modified_gmt":"2021-04-07T09:57:07","slug":"acceso","status":"publish","type":"page","link":"https:\/\/afc.cat\/es\/acceso\/","title":{"rendered":"Acceso"},"content":{"rendered":"<div class=\"fusion-fullwidth fullwidth-box fusion-builder-row-1 fusion-flex-container nonhundred-percent-fullwidth non-hundred-percent-height-scrolling\" style=\"background-color: rgba(255,255,255,0);background-position: center center;background-repeat: no-repeat;border-width: 0px 0px 0px 0px;border-color:#ffffff;border-style:solid;\" ><div class=\"fusion-builder-row fusion-row fusion-flex-align-items-flex-start\" style=\"max-width:1300px;margin-left: calc(-4% \/ 2 );margin-right: calc(-4% \/ 2 );\"><div class=\"fusion-layout-column fusion_builder_column fusion-builder-column-0 fusion_builder_column_1_2 1_2 fusion-flex-column\"><div class=\"fusion-column-wrapper fusion-flex-justify-content-flex-start fusion-content-layout-column\" style=\"background-position:left top;background-repeat:no-repeat;-webkit-background-size:cover;-moz-background-size:cover;-o-background-size:cover;background-size:cover;padding: 0px 0px 0px 0px;\">        <div id=\"afc-login\">\n            <!-- <div ref=\"instanceData\"><\/div> -->\n            <h2>Inicio de sesi\u00f3n<\/h2>\n            <form id=\"loginform\" v-on:submit.prevent=\"doLogin\">\n                <input type=\"hidden\" name=\"action\" value=\"afc_login_form_response\" \/>\n                <input type=\"hidden\" name=\"nonce\" value=\"71679691c0\" \/>\n                <input type=\"hidden\" name=\"locale\" value=\"es\" \/>\n                <p><input type=\"text\" name=\"email\" placeholder=\"E-mail\" value=\"\" \/><\/p>\n                <p><input type=\"password\" name=\"pwd\" placeholder=\"Contrase\u00f1a\" value=\"\" \/><\/p>\n                <p><input type=\"checkbox\" value=\"forever\" name=\"rememberme\" \/> Recu\u00e9rdame<\/p>\n                <transition name=\"fade\">\n                    <div v-show=\"result.active\" v-on:click=\"result.active = false\" class=\"afc-form-info\" :class=\"result.class\" v-html=\"result.text\"><\/div>\n                <\/transition>\n                <p class=\"afc-submit-button\"><input type=\"submit\" class=\"afc-btn-1\" value=\"Login\" name=\"wp-submit\"><\/p>\n            <\/form>\n            <p class=\"text-center\"><a href=\"https:\/\/afc.cat\/wp-login.php?action=lostpassword\" class=\"text-center\">Ha olvidado la contrase\u00f1a?<\/a><\/p>\n        <\/div>\n    <div class=\"fusion-separator fusion-full-width-sep\" style=\"align-self: center;margin-left: auto;margin-right: auto;margin-top:20px;width:100%;\"><\/div><\/div><style type=\"text\/css\">.fusion-body .fusion-builder-column-0{width:50% !important;margin-top : 0px;margin-bottom : 20px;}.fusion-builder-column-0 > .fusion-column-wrapper {padding-top : 0px !important;padding-right : 0px !important;margin-right : 3.84%;padding-bottom : 0px !important;padding-left : 0px !important;margin-left : 3.84%;}@media only screen and (max-width:1024px) {.fusion-body .fusion-builder-column-0{width:50% !important;order : 0;}.fusion-builder-column-0 > .fusion-column-wrapper {margin-right : 3.84%;margin-left : 3.84%;}}@media only screen and (max-width:640px) {.fusion-body .fusion-builder-column-0{width:100% !important;order : 0;}.fusion-builder-column-0 > .fusion-column-wrapper {margin-right : 1.92%;margin-left : 1.92%;}}<\/style><\/div><div class=\"fusion-layout-column fusion_builder_column fusion-builder-column-1 fusion_builder_column_1_2 1_2 fusion-flex-column\"><div class=\"fusion-column-wrapper fusion-flex-justify-content-flex-start fusion-content-layout-column\" style=\"background-position:left top;background-repeat:no-repeat;-webkit-background-size:cover;-moz-background-size:cover;-o-background-size:cover;background-size:cover;padding: 0px 0px 0px 0px;\">        <div id=\"afc-register\">\n            <!-- <div ref=\"instanceData\"><\/div> -->\n            <h2>Registrarse<\/h2>\n\n            <form id=\"registerform\" v-on:submit.prevent=\"doRegister\">\n                <input type=\"hidden\" name=\"action\" value=\"afc_register_form_response\" \/>\n                <input type=\"hidden\" name=\"nonce\" value=\"01dacf665a\" \/>\n                <input type=\"hidden\" name=\"locale\" value=\"es\" \/>\n\n                <p><input type=\"email\" name=\"email\" placeholder=\"E-mail\" autocomplete=\"email\" value=\"\" required \/><\/p>\n                <p><input type=\"password\" name=\"pwd\" placeholder=\"Contrase\u00f1a\" autocomplete=\"new-password\" value=\"\" required \/><\/p>\n                <p><input type=\"password\" name=\"pwd2\" placeholder=\"Repite la contrase\u00f1a\" autocomplete=\"new-password\" value=\"\" required \/><\/p>\n\n                <p><input type=\"text\" name=\"nombre\" placeholder=\"Nombre\" autocomplete=\"nombre\" value=\"\" required \/><\/p>\n                <p><input type=\"text\" name=\"apellido1\" placeholder=\"Primer apellido\" autocomplete=\"apellido1\" value=\"\" required \/><\/p>\n                <p><input type=\"text\" name=\"apellido2\" placeholder=\"Segundo apellido\" autocomplete=\"apellido2\" value=\"\" \/><\/p>\n\n                <p><input type=\"text\" name=\"num_socio\" placeholder=\"N\u00famero de socio\" autocomplete=\"numero_socio\" value=\"\" required \/><\/p>\n\n                <p class=\"cm-check-legal\"><label><input type=\"checkbox\" name=\"politica\" required \/> He le\u00eddo y acepto el<a href=\"#1\" target=\"_blank\"><b>aviso legal<\/b><\/a> y la <a href=\"#2\" target=\"_blank\"><b>pol\u00edtica de privacidad<\/b><\/a><\/label><\/p>\n\n                <transition name=\"fade\">\n                    <div v-show=\"result.active\" v-on:click=\"result.active = false\" class=\"afc-form-info\" :class=\"result.class\">\n                        <div v-for=\"msg in result.messages\" v-html=\"msg\"><\/div>\n                    <\/div>\n                <\/transition>\n\n                <p class=\"afc-submit-button\"><input type=\"submit\" class=\"afc-btn-1\" value=\"Registrarse\" \/><\/p>\n            <\/form>\n        <\/div>\n    <\/div><style type=\"text\/css\">.fusion-body .fusion-builder-column-1{width:50% !important;margin-top : 0px;margin-bottom : 20px;}.fusion-builder-column-1 > .fusion-column-wrapper {padding-top : 0px !important;padding-right : 0px !important;margin-right : 3.84%;padding-bottom : 0px !important;padding-left : 0px !important;margin-left : 3.84%;}@media only screen and (max-width:1024px) {.fusion-body .fusion-builder-column-1{width:50% !important;order : 0;}.fusion-builder-column-1 > .fusion-column-wrapper {margin-right : 3.84%;margin-left : 3.84%;}}@media only screen and (max-width:640px) {.fusion-body .fusion-builder-column-1{width:100% !important;order : 0;}.fusion-builder-column-1 > .fusion-column-wrapper {margin-right : 1.92%;margin-left : 1.92%;}}<\/style><\/div><\/div><style type=\"text\/css\">.fusion-body .fusion-flex-container.fusion-builder-row-1{ padding-top : 0px;margin-top : 0px;padding-right : 0px;padding-bottom : 0px;margin-bottom : 0px;padding-left : 0px;}<\/style><\/div>\n","protected":false},"excerpt":{"rendered":"","protected":false},"author":33,"featured_media":0,"parent":0,"menu_order":0,"comment_status":"closed","ping_status":"closed","template":"","meta":{"_acf_changed":false,"footnotes":""},"class_list":["post-19517","page","type-page","status-publish","hentry"],"acf":[],"yoast_head":"<!-- This site is optimized with the Yoast SEO plugin v27.2 - https:\/\/yoast.com\/product\/yoast-seo-wordpress\/ -->\n<title>Acceso - Agrupaci\u00f3 Fotogr\u00e0fica de Catalunya<\/title>\n<meta name=\"robots\" content=\"index, follow, max-snippet:-1, max-image-preview:large, max-video-preview:-1\" \/>\n<link rel=\"canonical\" href=\"https:\/\/afc.cat\/es\/acceso\/\" \/>\n<meta property=\"og:locale\" content=\"es_ES\" \/>\n<meta property=\"og:type\" content=\"article\" \/>\n<meta property=\"og:title\" content=\"Acceso - Agrupaci\u00f3 Fotogr\u00e0fica de Catalunya\" \/>\n<meta property=\"og:url\" content=\"https:\/\/afc.cat\/es\/acceso\/\" \/>\n<meta property=\"og:site_name\" content=\"Agrupaci\u00f3 Fotogr\u00e0fica de Catalunya\" \/>\n<meta name=\"twitter:card\" content=\"summary_large_image\" \/>\n<meta name=\"twitter:label1\" content=\"Tiempo de lectura\" \/>\n\t<meta name=\"twitter:data1\" content=\"2 minutos\" \/>\n<script type=\"application\/ld+json\" class=\"yoast-schema-graph\">{\"@context\":\"https:\/\/schema.org\",\"@graph\":[{\"@type\":\"WebPage\",\"@id\":\"https:\/\/afc.cat\/es\/acceso\/\",\"url\":\"https:\/\/afc.cat\/es\/acceso\/\",\"name\":\"Acceso - Agrupaci\u00f3 Fotogr\u00e0fica de Catalunya\",\"isPartOf\":{\"@id\":\"https:\/\/afc.cat\/es\/#website\"},\"datePublished\":\"2021-04-07T09:57:07+00:00\",\"breadcrumb\":{\"@id\":\"https:\/\/afc.cat\/es\/acceso\/#breadcrumb\"},\"inLanguage\":\"es\",\"potentialAction\":[{\"@type\":\"ReadAction\",\"target\":[\"https:\/\/afc.cat\/es\/acceso\/\"]}]},{\"@type\":\"BreadcrumbList\",\"@id\":\"https:\/\/afc.cat\/es\/acceso\/#breadcrumb\",\"itemListElement\":[{\"@type\":\"ListItem\",\"position\":1,\"name\":\"Inicio\",\"item\":\"https:\/\/afc.cat\/es\/\"},{\"@type\":\"ListItem\",\"position\":2,\"name\":\"Acceso\"}]},{\"@type\":\"WebSite\",\"@id\":\"https:\/\/afc.cat\/es\/#website\",\"url\":\"https:\/\/afc.cat\/es\/\",\"name\":\"Agrupaci\u00f3 Fotogr\u00e0fica de Catalunya\",\"description\":\"Fomento y divulgaci\u00f3n de la fotograf\u00eda en todas sus variedades\",\"potentialAction\":[{\"@type\":\"SearchAction\",\"target\":{\"@type\":\"EntryPoint\",\"urlTemplate\":\"https:\/\/afc.cat\/es\/?s={search_term_string}\"},\"query-input\":{\"@type\":\"PropertyValueSpecification\",\"valueRequired\":true,\"valueName\":\"search_term_string\"}}],\"inLanguage\":\"es\"}]}<\/script>\n<!-- \/ Yoast SEO plugin. -->","yoast_head_json":{"title":"Acceso - Agrupaci\u00f3 Fotogr\u00e0fica de Catalunya","robots":{"index":"index","follow":"follow","max-snippet":"max-snippet:-1","max-image-preview":"max-image-preview:large","max-video-preview":"max-video-preview:-1"},"canonical":"https:\/\/afc.cat\/es\/acceso\/","og_locale":"es_ES","og_type":"article","og_title":"Acceso - Agrupaci\u00f3 Fotogr\u00e0fica de Catalunya","og_url":"https:\/\/afc.cat\/es\/acceso\/","og_site_name":"Agrupaci\u00f3 Fotogr\u00e0fica de Catalunya","twitter_card":"summary_large_image","twitter_misc":{"Tiempo de lectura":"2 minutos"},"schema":{"@context":"https:\/\/schema.org","@graph":[{"@type":"WebPage","@id":"https:\/\/afc.cat\/es\/acceso\/","url":"https:\/\/afc.cat\/es\/acceso\/","name":"Acceso - Agrupaci\u00f3 Fotogr\u00e0fica de Catalunya","isPartOf":{"@id":"https:\/\/afc.cat\/es\/#website"},"datePublished":"2021-04-07T09:57:07+00:00","breadcrumb":{"@id":"https:\/\/afc.cat\/es\/acceso\/#breadcrumb"},"inLanguage":"es","potentialAction":[{"@type":"ReadAction","target":["https:\/\/afc.cat\/es\/acceso\/"]}]},{"@type":"BreadcrumbList","@id":"https:\/\/afc.cat\/es\/acceso\/#breadcrumb","itemListElement":[{"@type":"ListItem","position":1,"name":"Inicio","item":"https:\/\/afc.cat\/es\/"},{"@type":"ListItem","position":2,"name":"Acceso"}]},{"@type":"WebSite","@id":"https:\/\/afc.cat\/es\/#website","url":"https:\/\/afc.cat\/es\/","name":"Agrupaci\u00f3 Fotogr\u00e0fica de Catalunya","description":"Fomento y divulgaci\u00f3n de la fotograf\u00eda en todas sus variedades","potentialAction":[{"@type":"SearchAction","target":{"@type":"EntryPoint","urlTemplate":"https:\/\/afc.cat\/es\/?s={search_term_string}"},"query-input":{"@type":"PropertyValueSpecification","valueRequired":true,"valueName":"search_term_string"}}],"inLanguage":"es"}]}},"_links":{"self":[{"href":"https:\/\/afc.cat\/es\/wp-json\/wp\/v2\/pages\/19517","targetHints":{"allow":["GET"]}}],"collection":[{"href":"https:\/\/afc.cat\/es\/wp-json\/wp\/v2\/pages"}],"about":[{"href":"https:\/\/afc.cat\/es\/wp-json\/wp\/v2\/types\/page"}],"author":[{"embeddable":true,"href":"https:\/\/afc.cat\/es\/wp-json\/wp\/v2\/users\/33"}],"replies":[{"embeddable":true,"href":"https:\/\/afc.cat\/es\/wp-json\/wp\/v2\/comments?post=19517"}],"version-history":[{"count":2,"href":"https:\/\/afc.cat\/es\/wp-json\/wp\/v2\/pages\/19517\/revisions"}],"predecessor-version":[{"id":19520,"href":"https:\/\/afc.cat\/es\/wp-json\/wp\/v2\/pages\/19517\/revisions\/19520"}],"wp:attachment":[{"href":"https:\/\/afc.cat\/es\/wp-json\/wp\/v2\/media?parent=19517"}],"curies":[{"name":"wp","href":"https:\/\/api.w.org\/{rel}","templated":true}]}}