{"id":19856,"date":"2021-04-16T09:56:28","date_gmt":"2021-04-16T07:56:28","guid":{"rendered":"http:\/\/afc-test.com.mialias.net\/?page_id=19856"},"modified":"2021-04-16T09:56:28","modified_gmt":"2021-04-16T07:56:28","slug":"historia-de-la-afc","status":"publish","type":"page","link":"https:\/\/afc.cat\/es\/historia-de-la-afc\/","title":{"rendered":"Historia de la AFC"},"content":{"rendered":"<div class=\"fusion-fullwidth fullwidth-box fusion-builder-row-1 fusion-flex-container nonhundred-percent-fullwidth non-hundred-percent-height-scrolling\" style=\"background-color: rgba(255,255,255,0);background-position: center center;background-repeat: no-repeat;border-width: 0px 0px 0px 0px;border-color:#ffffff;border-style:solid;\" ><div class=\"fusion-builder-row fusion-row fusion-flex-align-items-flex-start\" style=\"max-width:1300px;margin-left: calc(-4% \/ 2 );margin-right: calc(-4% \/ 2 );\"><div class=\"fusion-layout-column fusion_builder_column fusion-builder-column-0 fusion_builder_column_1_1 1_1 fusion-flex-column\"><div class=\"fusion-column-wrapper fusion-flex-justify-content-flex-start fusion-content-layout-column\" style=\"background-position:left top;background-repeat:no-repeat;-webkit-background-size:cover;-moz-background-size:cover;-o-background-size:cover;background-size:cover;padding: 0px 0px 0px 0px;\"><div class=\"fusion-text fusion-text-1\"><h2>Historia de la Agrupaci\u00f3n Fotogr\u00e1fica de Catalu\u00f1a<\/h2>\n<p>El 15 de junio de 1923 unos treinta y cinco aficionados, reunidos en la sede de la <strong>Agrupaci\u00f3 Excursionista \u201cCatalunya\u201d<\/strong>, consegu\u00edan fundar una asociaci\u00f3n dedicada exclusivamente al arte de la fotograf\u00eda. La empresa no hab\u00eda estado f\u00e1cil, debido a las reticencias de los grupos y secciones que se encontraban en las numerosas entidades culturales y centros excursionistas repartidos por toda Barcelona. Es dentro de este ambiente, en concreto a el <strong>Esbart Fotogr\u00e0fic de l\u2019Ateneu Enciclop\u00e8dic Popular<\/strong>, donde las ideas de los fundadores <strong>Salvador Lluch<\/strong> i <strong>Joan Rocavert<\/strong> pudieron materializarse, conformando un peque\u00f1o grupo de entusiastas que aprobaron los primeros estatutos y escoger el consejo directivo, encabezado por el presidente <strong>Josep Demestres Sapriss\u00e0<\/strong>.<\/p>\n<p>Los escasos medios solo permitieron alquilar un departamento en una sala-teatro localizada en la calle Aribau n\u00famero 21, donde se pudo instalar un peque\u00f1o laboratorio y una salita, \u00fanico lugar para la vida social y las primeras exposiciones. A finales de 1924, pero, ya se produjo el traslado hacia el actual suyo, situada en la Calle del Duc n\u00famero 14, un espacio m\u00e1s ancho que ayud\u00f3 a ofrecer unos mejores servicios, como la sala, biblioteca o nuevos laboratorios, donde se pod\u00edan hacer demostraciones.<\/p>\n<p>C\u00f3mo era habitual a las asociaciones fotogr\u00e1ficas, imperaba la corriente est\u00e9tica llamada <strong>pictorialismo<\/strong>, que defend\u00eda las posibilidades art\u00edsticas de la fotograf\u00eda, enfatizando la belleza de la imagen y el tratamiento artesanal del positivado. El bolet\u00edn se convertir\u00eda as\u00ed en su mejor medio de difusi\u00f3n, dando cuenta tanto de las actividades programadas aqu\u00ed como de los principales acontecimientos de la red asociacionista mundial.<\/p>\n<p>En estos primeros tiempos, aun as\u00ed, las dificultades de todo tipo se sucedieron, pero poco a poco aficionados m\u00e1s relevantes entraron a formar parte del AFC: el 1924 encontramos ya en el <strong>Dr. Pla Janini<\/strong> y <strong>Claudi Carbonell Flo<\/strong>, mientras que las principales casas comerciales fueron proporcionando su apoyo como socios protectores. Fueron precisamente los dos fot\u00f3grafos mencionados los que en mayo de 1927 propusieron en asamblea un nuevo rumbo para la asociaci\u00f3n, siendo escogidos Presidente y Vicepresidente respectivamente. La personalidad abierta y generosa del Dr. Pla consigui\u00f3 reunir un creciente grupo de aficionados que redoblaron sus esfuerzos hasta situar la <strong>Agrupaci\u00f3n Fotogr\u00e1fica de Catalu\u00f1a<\/strong> en los primeros lugares del Estado. Las actividades se multiplicaron: un cumplido ciclo de formaci\u00f3n difund\u00eda las principales t\u00e9cnicas, se suced\u00edan proyecciones de diapositivas, pero sobre todo destacaron las exposiciones, que recibir\u00edan un impulso definitivo. Los salones internacionales de fotograf\u00eda eran en este momento un acontecimiento clave de la red asociacionista establecida a nivel mundial. La AFC organiz\u00f3 el primero en la ciudad de Barcelona el 1929, dentro de las instalaciones de la Exposici\u00f3n Internacional.<\/p>\n<p>A partir de 1931 bajo la presidencia de <strong>Joan Roca Miracle<\/strong> se produjo la consolidaci\u00f3n de la entidad, con una sucesi\u00f3n de salones donde se pudieron contemplar las obras de los mejores forofos del momento a nivel nacional e internacional. Los socios consiguieron tambi\u00e9n importantes \u00e9xitos, donde podemos destacar, adem\u00e1s del <strong>Dr. Pla<\/strong> y <strong>Claudi Carbonell<\/strong>, <strong>Joan Porqueras<\/strong>, <strong>Antoni Campa\u00f1\u00e0<\/strong>, <strong>Francesc de Paula Ponti<\/strong> o <strong>Joan Xicart<\/strong>. Fue precisamente Campa\u00f1\u00e1 el fot\u00f3grafo espa\u00f1ol con m\u00e1s obras aceptadas a salones de fotograf\u00eda hasta la guerra civil.<\/p>\n<p>Toda esta actividad decay\u00f3 el 1937 y especialmente el 1938, puesto que el d\u00eda 30 de enero se produjo un intenso bombardeo sobre la ciudad de Barcelona, que afect\u00f3 el edificio del AFC en la calle del Duque. Siempre desatada de las discusiones pol\u00edticas y muy alejada del conflicto, la asociaci\u00f3n, encabezada por el nuevo presidente <strong>Manel Closa Bosser<\/strong>, pudo mantener un cierta vida social en las instalaciones del <strong>Din\u00e0mic Club<\/strong> situadas en la calle Petritxol. Bien pronto, pero, se retom\u00f3 la actividad en la sede habitual, puesto que el 1939 se inaugur\u00f3 el estudio de luz artificial y se organiz\u00f3 un sal\u00f3n en conmemoraci\u00f3n del centenario de la primera fotograf\u00eda realizada en Espa\u00f1a.<\/p>\n<p>La posguerra afect\u00f3 el normal desarrollo de la afici\u00f3n de muchos socios debido a las dificultades econ\u00f3micas y a la carencia de materiales, mientras que la asociaci\u00f3n tuvo que reducir el bolet\u00edn, escrito ahora siempre en castellano. A principios de los a\u00f1os cuarenta volvieron t\u00edmidamente las exposiciones habituales, como la correspondiente al concurso anual que se celebraba a finales de diciembre. El ritmo fue aumentando con los salones de primavera, los nuevos cursos de formaci\u00f3n y el 1944 tuvo lugar la primera sesi\u00f3n de cine amateur. A partir de 1946 se retomaron tambi\u00e9n los s<strong>alones internacionales de arte fotogr\u00e1fico<\/strong>, aunque inicialmente la participaci\u00f3n no fue muy grande debido a las dificultades provocadas por la guerra a Europa y los Estados Unidos.<\/p>\n<p>En este momento destac\u00f3 en su actividad incansable <strong>Antoni Campa\u00f1\u00e1 Bandranas<\/strong>, que el 1947 recibi\u00f3 el Primer Trofeo de la Agrupaci\u00f3n Fotogr\u00e1fica de Catalu\u00f1a, puesto que hab\u00eda salido ganador cinco veces al concurso anual dentro de la categor\u00eda de honor, mientras que el 1952 iz\u00f3 tambi\u00e9n el <strong>I Grand Prix de Espa\u00f1a de fotograf\u00eda<\/strong>, organizado por la entidad. La gran dedicaci\u00f3n y vitalidad del fot\u00f3grafo se ve\u00eda plasmada en unas obras llenas de movimiento, de gran fuerza, ejecutadas a la perfecci\u00f3n en procedimientos pigmentarios como lo bromoli. Otro socio despunt\u00f3 durante esta etapa: <strong>Josep Maria Casals Ariete<\/strong> consigui\u00f3 un gran dominio de las t\u00e9cnicas artesanales tanto en color como en fotograf\u00eda monocroma, con sus paisajes de atm\u00f3sfera po\u00e9tica y evocadora. Por otro lado, el trabajo incansable de Carbonell y Campa\u00f1\u00e1 consigui\u00f3 el 1954 la organizaci\u00f3n en Barcelona tanto del <strong>III congreso como de la bienal de la Federaci\u00f3n Internacional de Arte Fotogr\u00e1fico (FIAP)<\/strong>, entidad que consegu\u00eda vertebrar la red mundial de foto-clubes y asociaciones fotogr\u00e1ficas.<\/p>\n<p>Los a\u00f1os cincuenta llevaron a m\u00e1s cambios profundos: a finales de 1952 <strong>Luis Navarro<\/strong> estableci\u00f3 lo <strong>Primero Sal\u00f3n de Fotograf\u00eda Moderna<\/strong>, con el objetivo de dejar atr\u00e1s el viejo pictorialismo y favorecer el desarrollo de nuevas tendencias. Poco despu\u00e9s, en 1954 muri\u00f3 repentinamente, raz\u00f3n por la cual el concurso cambi\u00f3 su nombre pasando a ser conocido como <strong>Trofeo Luis Navarro<\/strong>. Esta iniciativa no estuvo exenta de controversia, puesto que, si bien la fotograf\u00eda hab\u00eda seguido los caminos m\u00e1s renovadores del arte ya desde los a\u00f1os veinte y treinta, las asociaciones fotogr\u00e1ficas continuaban muchas veces ancladas en los postulados est\u00e9ticos del pictorialismo. Se hab\u00edan abierto ya algunas rendijas en este muro al AFC, pero se produc\u00eda todav\u00eda un gran debate entre los socios m\u00e1s tradicionales y los m\u00e1s renovadores. El a\u00f1o 1953 el premio fue ganado por <strong>Marcel Gir\u00f3 Marsal<\/strong>, mientras que el 1954 lo consigui\u00f3 un joven <strong>Xavier Miserachs<\/strong>, que se hab\u00eda hecho socio el 1952 con solo quince a\u00f1os.<\/p>\n<p>Una nueva generaci\u00f3n de fot\u00f3grafos irrumpi\u00f3 en estos momentos en Barcelona desde la Agrupaci\u00f3n Fotogr\u00e1fica de Catalu\u00f1a. El noviembre de 1956 abri\u00f3 las puertas una exposici\u00f3n colectiva a la <strong>Biblioteca Espa\u00f1ola de Paris<\/strong> que, presentada por el <strong>Club des 30 x 40<\/strong>, reun\u00eda obras de conocidos socios como <strong>Francesc Catal\u00e0 Roca<\/strong>, <strong>Josep Closa Miralles<\/strong>, <strong>Antoni Crous<\/strong>, <strong>Ramon Masats<\/strong>, <strong>Oriol Maspons<\/strong>, <strong>Xavier Miserachs<\/strong>, <strong>Pere Sender<\/strong> o <strong>Ricard Terr\u00e9<\/strong>. El a\u00f1o siguiente se inaugur\u00f3 la conocida exposici\u00f3n <strong>Terr\u00e9-Miserachs-Masats<\/strong> en la sede de la AFC, que supuso un hito importante en la renovaci\u00f3n de la fotograf\u00eda catalana, ya definitivamente instalada en la modernidad.<\/p>\n<p>Este es tambi\u00e9n el momento de la consolidaci\u00f3n de una iniciativa puntera a nuestra entidad: la creaci\u00f3n del <strong>Grupo Femenino<\/strong>, pionero en todo el Estado. A pesar de la exclusi\u00f3n constante de la mujer en actividades como la fotograf\u00eda, la AFC hab\u00eda intentado ya en el 1924 crear un primer grupo denominado <strong>Feminal<\/strong> para alentar su afiliaci\u00f3n. No fue posible antes de la Guerra civil, puesto que solo <strong>Remei Rahola<\/strong> consigui\u00f3 una presencia remarcable ganando una medalla de plata al <strong>XII concurso anual el 1935<\/strong>. Ya en pleno franquismo, <strong>Salvador Lluch<\/strong> retom\u00f3 el fomento de la participaci\u00f3n femenina organizando a partir de 1956 unos cursillos de fotograf\u00eda dirigidos a las mujeres, que tuvieron como consecuencia la aparici\u00f3n de una excepcional generaci\u00f3n de forofas, donde encontramos <strong>Carme Garcia<\/strong>, <strong>Gloria Salas<\/strong>, <strong>Milagros Caturla<\/strong>, <strong>Montserrat Vidal-Barraquer<\/strong> o <strong>Rosa Sz\u00fccs<\/strong>. En un momento en que su profesionalizaci\u00f3n era imposible por razones familiares y sociales, la AFC los permiti\u00f3 aprender las principales t\u00e9cnicas fotogr\u00e1ficas y difundir sus obras en exposiciones y concursos, siempre con gran \u00e9xito.<\/p>\n<p>Las actividades colectivas continuaron, especialmente exposiciones como la Cubar\u00f3\u2013Gal\u00ed-Onta\u00f1\u00f3n el 1958 y <strong>Colom\u2013Riera-Garcia Pedret<\/strong> el 1960, mientras quedaba establecido un importante grupo de cinematograf\u00eda amateur, con forofos como <strong>Frederic Ferrando<\/strong>. Como consecuencia de este dinamismo, el n\u00famero de socios iba creciendo, llegando a superar los 1.400 durante los a\u00f1os sesenta. El AFC era en estos momentos la asociaci\u00f3n con m\u00e1s proyecci\u00f3n del Estado, ofreciendo una puerta de entrada a todos aquellos que quer\u00edan iniciarse o darse a conocer en el mundo de la fotograf\u00eda.<\/p>\n<p>Los a\u00f1os setenta y ochenta supusieron, aun as\u00ed, una p\u00e9rdida de protagonismo, puesto que se produjo la aparici\u00f3n de las primeras escuelas de fotograf\u00eda y el establecimiento de nuevas posibilidades de profesionalizaci\u00f3n m\u00e1s ligadas al mundo editorial. La presencia de socios del AFC en premios como el <strong>Ciudad de Barcelona<\/strong> fue, de todos modos, constando; posteriormente, el 2002 <strong>Joan Colom<\/strong> recibi\u00f3 el <strong>premio Nacional de Fotograf\u00eda<\/strong>, seguido de <strong>Eugeni Forcano<\/strong> el 2012, dos fot\u00f3grafos que mantuvieron siempre una estrecha vinculaci\u00f3n con la AFC. Por otro lado, el 2006 la <strong>Generalitat de Catalu\u00f1a<\/strong> concedi\u00f3 la <strong>Cruz de Sant Jordi<\/strong> a la entidad como pionera en la conservaci\u00f3n y promoci\u00f3n del arte de la fotograf\u00eda en Catalu\u00f1a.<\/p>\n<p>Paralelamente se fue desarrollando una importante tarea de recogida y conservaci\u00f3n de un fondo patrimonial cada vez m\u00e1s extenso. En efecto, la larga historia de la AFC y la generosidad de muchos socios y familiares han conformado una excepcional colecci\u00f3n, que recibi\u00f3 la gran dedicaci\u00f3n del presidente <strong>Antoni Civantos Lambea<\/strong>. Se incluyen aqu\u00ed m\u00e1s de 1.600 c\u00e1maras, aparatos de cine, ampliadoras de todos tipos&#8230; y sobre todo m\u00e1s de 100.000 fotograf\u00edas, tanto negativos como positivos en diferentes t\u00e9cnicas, que ofrecen hoy en d\u00eda una excepcional visi\u00f3n de la fotograf\u00eda catalana. Con el objetivo de poner en valor y difundir todo este patrimonio, el fot\u00f3grafo <strong>Virgili Vera<\/strong> inici\u00f3 el 2017 las tareas de catalogaci\u00f3n y digitalizaci\u00f3n, que contin\u00faan hoy en d\u00eda con un grupo de voluntarios, encabezados por la vocal de patrimonio <strong>Francesca Portol\u00e9s<\/strong>. Los pr\u00f3ximos a\u00f1os, y especialmente la celebraci\u00f3n del Centenario el 2023, vendr\u00e1n pues marcados por la recuperaci\u00f3n de esta larga historia como pieza clave de la memoria colectiva, permitiendo en el futuro ampliar horizontes y consolidar la obra de la <strong>Agrupaci\u00f3n Fotogr\u00e1fica de Catalu\u00f1a<\/strong>.<\/p>\n<p><strong>Victoria Bonet Carbonell<\/strong><\/p>\n<\/div><style type=\"text\/css\">.fusion-gallery-1 .fusion-gallery-image {border:0px solid #e2e2e2;}<\/style><div class=\"fusion-gallery fusion-gallery-container fusion-grid-4 fusion-columns-total-4 fusion-gallery-layout-grid fusion-gallery-1\" style=\"margin:-5px;\"><div style=\"padding:5px;\" class=\"fusion-grid-column fusion-gallery-column fusion-gallery-column-4 hover-type-none\"><div class=\"fusion-gallery-image\"><a href=\"https:\/\/afc.cat\/wp-content\/uploads\/2021\/04\/historia-afc-01.jpg\" rel=\"noreferrer\" data-rel=\"iLightbox[gallery_image_1]\" class=\"fusion-lightbox\" target=\"_self\"><img decoding=\"async\" src=\"https:\/\/afc.cat\/wp-content\/uploads\/2021\/04\/historia-afc-01.jpg\" width=\"600\" height=\"390\" alt=\"\" title=\"historia afc 01\" aria-label=\"historia afc 01\" class=\"img-responsive wp-image-19836\" srcset=\"https:\/\/afc.cat\/wp-content\/uploads\/2021\/04\/historia-afc-01-200x130.jpg 200w, https:\/\/afc.cat\/wp-content\/uploads\/2021\/04\/historia-afc-01-400x260.jpg 400w, https:\/\/afc.cat\/wp-content\/uploads\/2021\/04\/historia-afc-01.jpg 600w\" sizes=\"(min-width: 2200px) 100vw, (min-width: 928px) 309px, (min-width: 832px) 412px, (min-width: 736px) 618px, (min-width: 640px) 736px, \" \/><\/a><\/div><\/div><div style=\"padding:5px;\" class=\"fusion-grid-column fusion-gallery-column fusion-gallery-column-4 hover-type-none\"><div class=\"fusion-gallery-image\"><a href=\"https:\/\/afc.cat\/wp-content\/uploads\/2021\/04\/historia-afc-02.jpg\" rel=\"noreferrer\" data-rel=\"iLightbox[gallery_image_1]\" class=\"fusion-lightbox\" target=\"_self\"><img decoding=\"async\" src=\"https:\/\/afc.cat\/wp-content\/uploads\/2021\/04\/historia-afc-02.jpg\" width=\"600\" height=\"424\" alt=\"\" title=\"historia afc 02\" aria-label=\"historia afc 02\" class=\"img-responsive wp-image-19838\" srcset=\"https:\/\/afc.cat\/wp-content\/uploads\/2021\/04\/historia-afc-02-200x141.jpg 200w, https:\/\/afc.cat\/wp-content\/uploads\/2021\/04\/historia-afc-02-400x283.jpg 400w, https:\/\/afc.cat\/wp-content\/uploads\/2021\/04\/historia-afc-02.jpg 600w\" sizes=\"(min-width: 2200px) 100vw, (min-width: 928px) 309px, (min-width: 832px) 412px, (min-width: 736px) 618px, (min-width: 640px) 736px, \" \/><\/a><\/div><\/div><div style=\"padding:5px;\" class=\"fusion-grid-column fusion-gallery-column fusion-gallery-column-4 hover-type-none\"><div class=\"fusion-gallery-image\"><a href=\"https:\/\/afc.cat\/wp-content\/uploads\/2021\/04\/historia-afc-03.jpg\" rel=\"noreferrer\" data-rel=\"iLightbox[gallery_image_1]\" class=\"fusion-lightbox\" target=\"_self\"><img decoding=\"async\" src=\"https:\/\/afc.cat\/wp-content\/uploads\/2021\/04\/historia-afc-03.jpg\" width=\"600\" height=\"414\" alt=\"\" title=\"historia afc 03\" aria-label=\"historia afc 03\" class=\"img-responsive wp-image-19840\" srcset=\"https:\/\/afc.cat\/wp-content\/uploads\/2021\/04\/historia-afc-03-200x138.jpg 200w, https:\/\/afc.cat\/wp-content\/uploads\/2021\/04\/historia-afc-03-400x276.jpg 400w, https:\/\/afc.cat\/wp-content\/uploads\/2021\/04\/historia-afc-03.jpg 600w\" sizes=\"(min-width: 2200px) 100vw, (min-width: 928px) 309px, (min-width: 832px) 412px, (min-width: 736px) 618px, (min-width: 640px) 736px, \" \/><\/a><\/div><\/div><div style=\"padding:5px;\" class=\"fusion-grid-column fusion-gallery-column fusion-gallery-column-4 hover-type-none\"><div class=\"fusion-gallery-image\"><a href=\"https:\/\/afc.cat\/wp-content\/uploads\/2021\/04\/historia-afc-04-2.jpg\" rel=\"noreferrer\" data-rel=\"iLightbox[gallery_image_1]\" class=\"fusion-lightbox\" target=\"_self\"><img decoding=\"async\" src=\"https:\/\/afc.cat\/wp-content\/uploads\/2021\/04\/historia-afc-04-2.jpg\" width=\"600\" height=\"438\" alt=\"\" title=\"historia afc 04 2\" aria-label=\"historia afc 04 2\" class=\"img-responsive wp-image-19845\" srcset=\"https:\/\/afc.cat\/wp-content\/uploads\/2021\/04\/historia-afc-04-2-200x146.jpg 200w, https:\/\/afc.cat\/wp-content\/uploads\/2021\/04\/historia-afc-04-2-400x292.jpg 400w, https:\/\/afc.cat\/wp-content\/uploads\/2021\/04\/historia-afc-04-2.jpg 600w\" sizes=\"(min-width: 2200px) 100vw, (min-width: 928px) 309px, (min-width: 832px) 412px, (min-width: 736px) 618px, (min-width: 640px) 736px, \" \/><\/a><\/div><\/div><div class=\"clearfix\"><\/div><\/div><\/div><style type=\"text\/css\">.fusion-body .fusion-builder-column-0{width:100% !important;margin-top : 0px;margin-bottom : 20px;}.fusion-builder-column-0 > .fusion-column-wrapper {padding-top : 0px !important;padding-right : 0px !important;margin-right : 1.92%;padding-bottom : 0px !important;padding-left : 0px !important;margin-left : 1.92%;}@media only screen and (max-width:1024px) {.fusion-body .fusion-builder-column-0{width:100% !important;order : 0;}.fusion-builder-column-0 > .fusion-column-wrapper {margin-right : 1.92%;margin-left : 1.92%;}}@media only screen and (max-width:640px) {.fusion-body .fusion-builder-column-0{width:100% !important;order : 0;}.fusion-builder-column-0 > .fusion-column-wrapper {margin-right : 1.92%;margin-left : 1.92%;}}<\/style><\/div><\/div><style type=\"text\/css\">.fusion-body .fusion-flex-container.fusion-builder-row-1{ padding-top : 0px;margin-top : 0px;padding-right : 0px;padding-bottom : 0px;margin-bottom : 0px;padding-left : 0px;}<\/style><\/div>\n","protected":false},"excerpt":{"rendered":"","protected":false},"author":33,"featured_media":0,"parent":0,"menu_order":0,"comment_status":"closed","ping_status":"closed","template":"","meta":{"_acf_changed":false,"footnotes":""},"class_list":["post-19856","page","type-page","status-publish","hentry"],"acf":[],"yoast_head":"<!-- This site is optimized with the Yoast SEO plugin v27.2 - https:\/\/yoast.com\/product\/yoast-seo-wordpress\/ -->\n<title>Historia de la AFC - Agrupaci\u00f3 Fotogr\u00e0fica de Catalunya<\/title>\n<meta name=\"robots\" content=\"index, follow, max-snippet:-1, max-image-preview:large, max-video-preview:-1\" \/>\n<link rel=\"canonical\" href=\"https:\/\/afc.cat\/es\/historia-de-la-afc\/\" \/>\n<meta property=\"og:locale\" content=\"es_ES\" \/>\n<meta property=\"og:type\" content=\"article\" \/>\n<meta property=\"og:title\" content=\"Historia de la AFC - Agrupaci\u00f3 Fotogr\u00e0fica de Catalunya\" \/>\n<meta property=\"og:url\" content=\"https:\/\/afc.cat\/es\/historia-de-la-afc\/\" \/>\n<meta property=\"og:site_name\" content=\"Agrupaci\u00f3 Fotogr\u00e0fica de Catalunya\" \/>\n<meta name=\"twitter:card\" content=\"summary_large_image\" \/>\n<meta name=\"twitter:label1\" content=\"Tiempo de lectura\" \/>\n\t<meta name=\"twitter:data1\" content=\"9 minutos\" \/>\n<script type=\"application\/ld+json\" class=\"yoast-schema-graph\">{\"@context\":\"https:\/\/schema.org\",\"@graph\":[{\"@type\":\"WebPage\",\"@id\":\"https:\/\/afc.cat\/es\/historia-de-la-afc\/\",\"url\":\"https:\/\/afc.cat\/es\/historia-de-la-afc\/\",\"name\":\"Historia de la AFC - Agrupaci\u00f3 Fotogr\u00e0fica de Catalunya\",\"isPartOf\":{\"@id\":\"https:\/\/afc.cat\/es\/#website\"},\"datePublished\":\"2021-04-16T07:56:28+00:00\",\"breadcrumb\":{\"@id\":\"https:\/\/afc.cat\/es\/historia-de-la-afc\/#breadcrumb\"},\"inLanguage\":\"es\",\"potentialAction\":[{\"@type\":\"ReadAction\",\"target\":[\"https:\/\/afc.cat\/es\/historia-de-la-afc\/\"]}]},{\"@type\":\"BreadcrumbList\",\"@id\":\"https:\/\/afc.cat\/es\/historia-de-la-afc\/#breadcrumb\",\"itemListElement\":[{\"@type\":\"ListItem\",\"position\":1,\"name\":\"Inicio\",\"item\":\"https:\/\/afc.cat\/es\/\"},{\"@type\":\"ListItem\",\"position\":2,\"name\":\"Historia de la AFC\"}]},{\"@type\":\"WebSite\",\"@id\":\"https:\/\/afc.cat\/es\/#website\",\"url\":\"https:\/\/afc.cat\/es\/\",\"name\":\"Agrupaci\u00f3 Fotogr\u00e0fica de Catalunya\",\"description\":\"Fomento y divulgaci\u00f3n de la fotograf\u00eda en todas sus variedades\",\"potentialAction\":[{\"@type\":\"SearchAction\",\"target\":{\"@type\":\"EntryPoint\",\"urlTemplate\":\"https:\/\/afc.cat\/es\/?s={search_term_string}\"},\"query-input\":{\"@type\":\"PropertyValueSpecification\",\"valueRequired\":true,\"valueName\":\"search_term_string\"}}],\"inLanguage\":\"es\"}]}<\/script>\n<!-- \/ Yoast SEO plugin. -->","yoast_head_json":{"title":"Historia de la AFC - Agrupaci\u00f3 Fotogr\u00e0fica de Catalunya","robots":{"index":"index","follow":"follow","max-snippet":"max-snippet:-1","max-image-preview":"max-image-preview:large","max-video-preview":"max-video-preview:-1"},"canonical":"https:\/\/afc.cat\/es\/historia-de-la-afc\/","og_locale":"es_ES","og_type":"article","og_title":"Historia de la AFC - Agrupaci\u00f3 Fotogr\u00e0fica de Catalunya","og_url":"https:\/\/afc.cat\/es\/historia-de-la-afc\/","og_site_name":"Agrupaci\u00f3 Fotogr\u00e0fica de Catalunya","twitter_card":"summary_large_image","twitter_misc":{"Tiempo de lectura":"9 minutos"},"schema":{"@context":"https:\/\/schema.org","@graph":[{"@type":"WebPage","@id":"https:\/\/afc.cat\/es\/historia-de-la-afc\/","url":"https:\/\/afc.cat\/es\/historia-de-la-afc\/","name":"Historia de la AFC - Agrupaci\u00f3 Fotogr\u00e0fica de Catalunya","isPartOf":{"@id":"https:\/\/afc.cat\/es\/#website"},"datePublished":"2021-04-16T07:56:28+00:00","breadcrumb":{"@id":"https:\/\/afc.cat\/es\/historia-de-la-afc\/#breadcrumb"},"inLanguage":"es","potentialAction":[{"@type":"ReadAction","target":["https:\/\/afc.cat\/es\/historia-de-la-afc\/"]}]},{"@type":"BreadcrumbList","@id":"https:\/\/afc.cat\/es\/historia-de-la-afc\/#breadcrumb","itemListElement":[{"@type":"ListItem","position":1,"name":"Inicio","item":"https:\/\/afc.cat\/es\/"},{"@type":"ListItem","position":2,"name":"Historia de la AFC"}]},{"@type":"WebSite","@id":"https:\/\/afc.cat\/es\/#website","url":"https:\/\/afc.cat\/es\/","name":"Agrupaci\u00f3 Fotogr\u00e0fica de Catalunya","description":"Fomento y divulgaci\u00f3n de la fotograf\u00eda en todas sus variedades","potentialAction":[{"@type":"SearchAction","target":{"@type":"EntryPoint","urlTemplate":"https:\/\/afc.cat\/es\/?s={search_term_string}"},"query-input":{"@type":"PropertyValueSpecification","valueRequired":true,"valueName":"search_term_string"}}],"inLanguage":"es"}]}},"_links":{"self":[{"href":"https:\/\/afc.cat\/es\/wp-json\/wp\/v2\/pages\/19856","targetHints":{"allow":["GET"]}}],"collection":[{"href":"https:\/\/afc.cat\/es\/wp-json\/wp\/v2\/pages"}],"about":[{"href":"https:\/\/afc.cat\/es\/wp-json\/wp\/v2\/types\/page"}],"author":[{"embeddable":true,"href":"https:\/\/afc.cat\/es\/wp-json\/wp\/v2\/users\/33"}],"replies":[{"embeddable":true,"href":"https:\/\/afc.cat\/es\/wp-json\/wp\/v2\/comments?post=19856"}],"version-history":[{"count":1,"href":"https:\/\/afc.cat\/es\/wp-json\/wp\/v2\/pages\/19856\/revisions"}],"predecessor-version":[{"id":19863,"href":"https:\/\/afc.cat\/es\/wp-json\/wp\/v2\/pages\/19856\/revisions\/19863"}],"wp:attachment":[{"href":"https:\/\/afc.cat\/es\/wp-json\/wp\/v2\/media?parent=19856"}],"curies":[{"name":"wp","href":"https:\/\/api.w.org\/{rel}","templated":true}]}}