{"id":24115,"date":"2021-11-16T01:27:20","date_gmt":"2021-11-15T23:27:20","guid":{"rendered":"https:\/\/afc.cat\/?page_id=24115"},"modified":"2024-06-10T19:04:59","modified_gmt":"2024-06-10T17:04:59","slug":"concursos-abiertos","status":"publish","type":"page","link":"https:\/\/afc.cat\/es\/concursos-abiertos\/","title":{"rendered":"Concursos abiertos"},"content":{"rendered":"<div class=\"fusion-fullwidth fullwidth-box fusion-builder-row-1 fusion-flex-container nonhundred-percent-fullwidth non-hundred-percent-height-scrolling\" style=\"background-color: rgba(255,255,255,0);background-position: center center;background-repeat: no-repeat;border-width: 0px 0px 0px 0px;border-color:#ffffff;border-style:solid;\" ><div class=\"fusion-builder-row fusion-row fusion-flex-align-items-flex-start\" style=\"max-width:1300px;margin-left: calc(-4% \/ 2 );margin-right: calc(-4% \/ 2 );\"><div class=\"fusion-layout-column fusion_builder_column fusion-builder-column-0 fusion_builder_column_1_1 1_1 fusion-flex-column\"><div class=\"fusion-column-wrapper fusion-flex-justify-content-flex-start fusion-content-layout-column\" style=\"background-position:left top;background-repeat:no-repeat;-webkit-background-size:cover;-moz-background-size:cover;-o-background-size:cover;background-size:cover;padding: 0px 0px 0px 0px;\"><div class=\"fusion-text fusion-text-1\"><div class=\"fusion-text fusion-text-1\">\n<h2 class=\"\" data-fontsize=\"40\" data-lineheight=\"48px\">Concurso \u201cSetmana de les terrasses Hotel Ohla Barcelona 2024\u201d<\/h2>\n<p><strong>El hotel Ohla Barcelona y la Agrupaci\u00f3 Fotogr\u00e0fica de Catalunya (AFC) <\/strong>se complacen a invitaros a participar en este concurso de fotograf\u00eda sobre la Terraza del hotel.<\/p>\n<p><strong>CALENDARIO<\/strong><br \/>\n<span style=\"color: #ff0000;\">Es necesario inscripci\u00f3n previa en la web del hotel<\/span> (<a href=\"https:\/\/afc.cat\/wp-content\/uploads\/2024\/06\/Bases-concurs-Terrassa-HotelOhla-.pdf\">Ver las bases<\/a>)<br \/>\n<strong>Sesi\u00f3n fotogr\u00e1fica:<\/strong> 13 de junio de 2024<br \/>\n<strong>Inicio<\/strong>: a las 18.30 h.<br \/>\n<strong>Finalizaci\u00f3n<\/strong>: a las 21.30 h.<br \/>\n<strong>Aforo limitado<\/strong>. Para poder dar cabida a la m\u00e1xima participaci\u00f3n, se har\u00e1n 2 turnos de acceso a la terraza:<br \/>\n<strong>\u2013 1er<\/strong>\u00a0turno: de 18.30 h a 19.45 h.<br \/>\n<strong>\u2013 2\u00ba<\/strong> turno: de 20:00 h a 21.30 h.<br \/>\n<strong>Admisi\u00f3n de las obras:<\/strong> del 14 de junio de 2024 hasta el 23 de junio de 2024<br \/>\n<strong>Veredicto:<\/strong> 28 de junio<br \/>\n<strong>Notificaci\u00f3n de resultados y publicaci\u00f3n en web:<\/strong> 2 de julio de 2024<br \/>\n<strong>Entrega de premios:<\/strong> A partir del 2 de julio<\/p>\n<\/div>\n<p><strong>ORGANIZACI\u00d3N<\/strong><\/p>\n<div class=\"fusion-text fusion-text-1\">\n<p><strong>Agrupaci\u00f3 Fotogr\u00e0fica de Catalunya \u2013 AFC \u2013<\/strong><br \/>\nC\/ del Duc 14, Pral. 08002-Barcelona<br \/>\nTelf:\u00a0 \u00a0 \u00a0+34 933 016 581<br \/>\nM\u00f3vil: +34 682 825 893<br \/>\nWeb:\u00a0 \u00a0\u00a0<a href=\"https:\/\/afc.cat\/\">https:\/\/afc.cat<\/a><br \/>\nCorreo: concursos@afc.cat<br \/>\nResponsable de Concursos\/Chairman:\u00a0<strong>M\u00e0xim Poncela<\/strong><\/p>\n<p><strong>Ohla Barcelona<\/strong><br \/>\nVia Laietana, 49, 08003, Barcelona<br \/>\nTelf: +34 933 41 50 50<br \/>\nWeb:\u00a0<a href=\"https:\/\/www.ohlabarcelona.com\/\">https:\/\/www.ohlabarcelona.com<\/a><\/p>\n<p style=\"text-align: center;\"><strong><a href=\"https:\/\/afc.cat\/wp-content\/uploads\/2024\/06\/Bases-concurs-Terrassa-HotelOhla-.pdf\">BASES DEL CONCURSO<\/a><\/strong><\/p>\n<\/div>\n<div><span class=\" fusion-imageframe imageframe-none imageframe-1 hover-type-none\"><a class=\"fusion-no-lightbox\" href=\"https:\/\/afc.cat\/wp-content\/uploads\/2024\/06\/Bases-concurs-Terrassa-HotelOhla-.pdf\" rel=\"noopener\" aria-label=\"Organitzaci\u00f3\"><img decoding=\"async\" class=\"img-responsive alignnone wp-image-38617\" src=\"https:\/\/afc.cat\/wp-content\/uploads\/2024\/05\/Organitzacio.jpg\" sizes=\"(max-width: 640px) 100vw, 2362px\" srcset=\"https:\/\/afc.cat\/wp-content\/uploads\/2024\/05\/Organitzacio-200x83.jpg 200w, https:\/\/afc.cat\/wp-content\/uploads\/2024\/05\/Organitzacio-400x167.jpg 400w, https:\/\/afc.cat\/wp-content\/uploads\/2024\/05\/Organitzacio-600x250.jpg 600w, https:\/\/afc.cat\/wp-content\/uploads\/2024\/05\/Organitzacio-800x333.jpg 800w, https:\/\/afc.cat\/wp-content\/uploads\/2024\/05\/Organitzacio-1200x500.jpg 1200w, https:\/\/afc.cat\/wp-content\/uploads\/2024\/05\/Organitzacio.jpg 2362w\" alt=\"\" width=\"2362\" height=\"984\" \/><\/a><\/span><\/div>\n<div><span class=\" fusion-imageframe imageframe-none imageframe-2 hover-type-none\"><img decoding=\"async\" class=\"img-responsive wp-image-38611 aligncenter\" title=\"BAR_terraza-2_1 red\" src=\"https:\/\/afc.cat\/wp-content\/uploads\/2024\/05\/BAR_terraza-2_1-red.jpg\" sizes=\"(max-width: 640px) 100vw, 400px\" srcset=\"https:\/\/afc.cat\/wp-content\/uploads\/2024\/05\/BAR_terraza-2_1-red-200x134.jpg 200w, https:\/\/afc.cat\/wp-content\/uploads\/2024\/05\/BAR_terraza-2_1-red.jpg 400w\" alt=\"\" width=\"400\" height=\"267\" \/><\/span><\/div>\n<\/div><div class=\"fusion-separator fusion-full-width-sep\" style=\"align-self: center;margin-left: auto;margin-right: auto;margin-top:20px;margin-bottom:50px;width:100%;\"><div class=\"fusion-separator-border sep-single sep-solid\" style=\"border-color:#4ec0bf;border-top-width:1px;\"><\/div><\/div><div class=\"fusion-text fusion-text-2\"><div class=\"fusion-text fusion-text-1\">\n<h2 class=\"\" data-fontsize=\"40\" data-lineheight=\"48px\">Cat\u00e1logo del Concurso fotogr\u00e1fico Internacional del Centenario 1923-2023<\/h2>\n<\/div>\n<div>\n<p>La Agrupaci\u00f3 Fotogr\u00e1fica de Catalunya (AFC) celebrado el \u201cConcurso internacional de fotograf\u00eda del Centenario del AFC 1923\/2023\u201d con motivo de los 100 a\u00f1os de esta Instituci\u00f3n presenta el cat\u00e1logo del concurso.<\/p>\n<p><strong>Han habido dos secciones:<\/strong><\/p>\n<p><strong>A \u2013 Libre Color (PSA PID color)<\/strong><br \/>\n<strong>B \u2013 Libre Monocromo<\/strong> (PSA PID monocroma)<\/p>\n<p><strong>Se han otorgado los premios correspondientes por secci\u00f3n:<\/strong><\/p>\n<p><strong>Color y Monocromo<\/strong><br \/>\n26 Medallas \/\/ 18 Menciones de Honor \/\/ 1 PIN Azul (FIAP) \/\/ 700\u20ac<br \/>\n<strong>Premio especial Catalu\u00f1a<\/strong><br \/>\n1 Diploma+100\u20ac en la foto que mejor represente en Catalu\u00f1a<\/p>\n<h3>Cat\u00e1logo y veredicto del concurso<\/h3>\n<p>Desde los enlaces en las im\u00e1genes inferiores pod\u00e9is acceder en el cat\u00e1logo de fotos y al veredicto-acta del concurso celebrado el 18 de noviembre de 2023.<\/p>\n<\/div>\n<\/div><style type=\"text\/css\">.fusion-gallery-1 .fusion-gallery-image {border:0px solid #e2e2e2;}<\/style><div class=\"fusion-gallery fusion-gallery-container fusion-grid-2 fusion-columns-total-2 fusion-gallery-layout-grid fusion-gallery-1\" style=\"margin:-5px;\"><div style=\"padding:5px;\" class=\"fusion-grid-column fusion-gallery-column fusion-gallery-column-2 hover-type-none\"><div class=\"fusion-gallery-image\"><a href=\"https:\/\/afc.cat\/wp-content\/uploads\/2024\/06\/Cataleg-concurs-internacional-Centenari-AFC.pdf\" rel=\"noreferrer\" data-rel=\"iLightbox[gallery_image_1]\" class=\"fusion-lightbox\" target=\"_self\"><img decoding=\"async\" src=\"https:\/\/afc.cat\/wp-content\/uploads\/2024\/06\/cataleg-centenari-2.jpg\" width=\"567\" height=\"425\" alt=\"\" title=\"cataleg centenari 2\" aria-label=\"cataleg centenari 2\" class=\"img-responsive wp-image-38840\" srcset=\"https:\/\/afc.cat\/wp-content\/uploads\/2024\/06\/cataleg-centenari-2-200x150.jpg 200w, https:\/\/afc.cat\/wp-content\/uploads\/2024\/06\/cataleg-centenari-2-400x300.jpg 400w, https:\/\/afc.cat\/wp-content\/uploads\/2024\/06\/cataleg-centenari-2.jpg 567w\" sizes=\"(min-width: 2200px) 100vw, (min-width: 736px) 623px, (min-width: 640px) 736px, \" \/><\/a><\/div><\/div><div style=\"padding:5px;\" class=\"fusion-grid-column fusion-gallery-column fusion-gallery-column-2 hover-type-none\"><div class=\"fusion-gallery-image\"><a href=\"https:\/\/afc.cat\/veredicte-concurs-internacional-del-centenari-de-lafc\/\" rel=\"noreferrer\" data-rel=\"iLightbox[gallery_image_1]\" class=\"fusion-lightbox\" target=\"_self\"><img decoding=\"async\" src=\"https:\/\/afc.cat\/wp-content\/uploads\/2024\/06\/imatge-VEREDICTE-acta-ESP.jpg\" width=\"567\" height=\"425\" alt=\"\" title=\"imatge VEREDICTE acta &#8211; ESP\" aria-label=\"imatge VEREDICTE acta &#8211; ESP\" class=\"img-responsive wp-image-38863\" srcset=\"https:\/\/afc.cat\/wp-content\/uploads\/2024\/06\/imatge-VEREDICTE-acta-ESP-200x150.jpg 200w, https:\/\/afc.cat\/wp-content\/uploads\/2024\/06\/imatge-VEREDICTE-acta-ESP-400x300.jpg 400w, https:\/\/afc.cat\/wp-content\/uploads\/2024\/06\/imatge-VEREDICTE-acta-ESP.jpg 567w\" sizes=\"(min-width: 2200px) 100vw, (min-width: 736px) 623px, (min-width: 640px) 736px, \" \/><\/a><\/div><\/div><div class=\"clearfix\"><\/div><\/div><div class=\"fusion-text fusion-text-3\" style=\"margin-top:30px;\"><h2><span style=\"color: #ff0000;\">Diciembre 2023<\/span><\/h2>\n<h2>Concurso Internacional del Centenario de la AFC 1923-2023<\/h2>\n<p>La Agrupaci\u00f3 Fotogr\u00e0fica de Catalunya (AFC) se complace en invitaros a participar en el \u00ab<strong>Concurso internacional de fotograf\u00eda del Centenario de la AFC 1923\/2023<\/strong>\u00bb con motivo de los 100 a\u00f1os de esta Instituci\u00f3n:<\/p>\n<p><strong>SECCIONES<\/strong><br \/>\nA \u2013 Libre Color (PSA PID color)<br \/>\nB \u2013 Libre Monocromo (PSA PID monochrome)<\/p>\n<p><strong>Fechas de admisi\u00f3n de las obras:<\/strong><br \/>\ndel 1 de mayo de 2023 hasta el 4 de noviembre de 2023.<\/p>\n<p><strong>Premios a las secciones COLOR y MONOCROMO<\/strong><br \/>\n26 Medallas \/\/ 18 Menciones de Honor \/\/ 1 PIN Azul (FIAP) \/\/ 700\u20ac<\/p>\n<p><strong>Premio especial Catalu\u00f1a<\/strong><br \/>\n1 Diploma+100\u20ac en la foto que mejor represente en Catalu\u00f1a<\/p>\n<p><strong>Bases<\/strong><br \/>\nConsulta las bases en <a href=\"https:\/\/fotogenius.net\/afc\/concurs-305\/BASES_CONCURSO_CENTENARIO%20AFC%20V11%20(Cast).pdf\">https:\/\/fotogenius.es\/<\/a><\/p>\n<p><strong>Agrupaci\u00f3 Fotogr\u00e0fica de Catalunya<\/strong><\/p>\n<\/div><div class=\"fusion-separator fusion-full-width-sep\" style=\"align-self: center;margin-left: auto;margin-right: auto;margin-top:20px;margin-bottom:20px;width:100%;\"><div class=\"fusion-separator-border sep-single sep-solid\" style=\"border-color:#4ec0bf;border-top-width:1px;\"><\/div><\/div><div ><span class=\" fusion-imageframe imageframe-none imageframe-1 hover-type-none\"><img decoding=\"async\" width=\"150\" height=\"150\" title=\"centenari-logo-100\" src=\"https:\/\/afc.cat\/wp-content\/uploads\/2023\/06\/centenari-logo-100.png\" alt class=\"img-responsive wp-image-32893\" srcset=\"https:\/\/afc.cat\/wp-content\/uploads\/2023\/06\/centenari-logo-100-66x66.png 66w, https:\/\/afc.cat\/wp-content\/uploads\/2023\/06\/centenari-logo-100.png 150w\" sizes=\"(max-width: 150px) 100vw, 150px\" \/><\/span><\/div><div class=\"fusion-separator fusion-full-width-sep\" style=\"align-self: center;margin-left: auto;margin-right: auto;margin-top:20px;margin-bottom:20px;width:100%;\"><div class=\"fusion-separator-border sep-single sep-solid\" style=\"border-color:#4ec0bf;border-top-width:1px;\"><\/div><\/div><div class=\"fusion-text fusion-text-4\"><h2 style=\"color: red;\">Abril 2023<\/h2>\n<h2>Rally Fotogr\u00e1fico AFC \u2013 St. Jordi 2023! (FINALIZADO)<\/h2>\n<h3>Ya tenemos los ganadores del Rally Fotogr\u00e1fico AFC \/ St. Jordi 2023!<\/h3>\n<p>Desde este enlace pod\u00e9is acceder al veredicto del concurso celebrado el 11 de mayo de 2023: <a href=\"https:\/\/afc.cat\/es\/veredicte-del-ralli-fotografic-st-jordi-afc-2023\/\">Veredicto del concurso<\/a><\/p>\n<\/div><div class=\"fusion-text fusion-text-5\"><h2 style=\"color: red;\" data-fontsize=\"40\" data-lineheight=\"48px\">Noviembre 2021<\/h2>\n<h2 class=\"fusion-responsive-typography-calculated\" data-fontsize=\"40\" data-lineheight=\"48px\">Primera edici\u00f3n digital del 46\u00ba concurso Luis Navarro (FINALIZADO)<\/h2>\n<p>Este a\u00f1o celebramos el 46\u00ba concurso de Luis Navarro que en 1953 se inici\u00f3 por su iniciativa con el nombre de Concurso de Fotograf\u00eda Moderna.<\/p>\n<p>Al morir Lu\u00eds Navarro al a\u00f1o siguiente, el concurso sigui\u00f3 pero adoptando su nombre en homenaje a su persona.<\/p>\n<p>La pandemia del c\u00f3vid-19 ha acelerado el proceso de digitalizaci\u00f3n de todas las actuaciones y en especial en lo que se refiere a la fotograf\u00eda.<\/p>\n<p>Esto hace que en esta edici\u00f3n el concurso sea ya de fotograf\u00eda digital.<\/p>\n<p>Queremos seguir con los principios que dieron origen a este concurso, es decir, que cada uno exprese sus sentimientos sin restricciones.<\/p>\n<p>Por eso, creemos que siendo fieles a la idea de Luis Navarro, definimos este concurso como\u00a0<strong>Creativo \u2013 Experimental<\/strong>.<\/p>\n<p>Desde este enlace podeis acceder al veredicto del concurso celebrado el 14 de enero de 2022: <a href=\"https:\/\/afc.cat\/es\/concursos-abiertos-1a-edicion-digital-46-concurso-luis-navarro\/\">Veredicto del concurso<\/a><\/p>\n<p data-fontsize=\"30\" data-lineheight=\"39px\"><strong>Vocalia de concursos<\/strong><\/p>\n<h3 class=\"fusion-responsive-typography-calculated\" style=\"text-align: center;\" data-fontsize=\"30\" data-lineheight=\"39px\">English<\/h3>\n<p>This year we are celebrating the <strong>46th Luis Navarro competition<\/strong>, which began in 1953 on his own initiative with the name of <strong>Modern Photography Competition<\/strong>.<\/p>\n<p>When Luis Navarro died the following year, the contest continued but adopting its name in tribute to its person.<\/p>\n<p>The covid-19 pandemic has accelerated the process of digitization of all actions and especially in terms of photography.<\/p>\n<p>This means that in this edition the competition is already digital photography.<\/p>\n<p>We want to continue with the principles that gave rise to this contest, that is to say that each one expresses his feelings without restrictions.<\/p>\n<p>Therefore, we believe that being faithful to the idea of Luis Navarro, we define this contest as\u00a0<strong>Creative \u2013 Experimental<\/strong>.<\/p>\n<p>From this link you can access the verdict of the contest held on January 14, 2022: <a href=\"https:\/\/afc.cat\/es\/concursos-abiertos-1a-edicion-digital-46-concurso-luis-navarro\/\">Verdict of the contest<\/a><\/p>\n<p><strong>Contest Vocalia<\/strong><\/p>\n<pre id=\"tw-target-text\" class=\"tw-data-text tw-text-large tw-ta\" dir=\"ltr\" data-placeholder=\"Traducci\u00f3\"><\/pre>\n<h3 class=\"fusion-responsive-typography-calculated\" style=\"text-align: center;\" data-fontsize=\"30\" data-lineheight=\"39px\">Fran\u00e7ais<\/h3>\n<p>Cette ann\u00e9e, nous c\u00e9l\u00e9brons le <strong>46e concours Luis Navarro<\/strong>, qui a d\u00e9but\u00e9 en 1953 de sa propre initiative sous le nom de <strong>Concours de photographie moderne<\/strong>.<\/p>\n<p>\u00c0 la mort de Luis Navarro l\u2019ann\u00e9e suivante, le concours s\u2019est poursuivi mais en adoptant son nom en hommage \u00e0 sa personne.<\/p>\n<p>La pand\u00e9mie de covid-19 a acc\u00e9l\u00e9r\u00e9 le processus de num\u00e9risation de toutes les actions et notamment en mati\u00e8re de photographie.<\/p>\n<p>Cela signifie que dans cette \u00e9dition, le concours est d\u00e9j\u00e0 la photographie num\u00e9rique.<\/p>\n<p>Nous voulons continuer avec les principes qui ont donn\u00e9 lieu \u00e0 ce concours, c\u2019est-\u00e0-dire que chacun exprime ses sentiments sans restrictions.<\/p>\n<p>Par cons\u00e9quent, nous pensons qu\u2019\u00e9tant fid\u00e8les \u00e0 l\u2019id\u00e9e de Luis Navarro, nous d\u00e9finissons ce concours comme\u00a0<strong>Cr\u00e9atif \u2013 Exp\u00e9rimental<\/strong>.<\/p>\n<p>Depuis ce lien vous pouvez acc\u00e9der au verdict du concours du 14 janvier 2022 : <a href=\"https:\/\/afc.cat\/es\/concursos-abiertos-1a-edicion-digital-46-concurso-luis-navarro\/\">Verdict du concours<\/a><\/p>\n<p><strong>Concours Vocalia<\/strong><\/p>\n<\/div><\/div><style type=\"text\/css\">.fusion-body .fusion-builder-column-0{width:100% !important;margin-top : 0px;margin-bottom : 0px;}.fusion-builder-column-0 > .fusion-column-wrapper {padding-top : 0px !important;padding-right : 0px !important;margin-right : 2.56%;padding-bottom : 0px !important;padding-left : 0px !important;margin-left : 1.92%;}@media only screen and (max-width:1024px) {.fusion-body .fusion-builder-column-0{width:100% !important;}.fusion-builder-column-0 > .fusion-column-wrapper {margin-right : 2.56%;margin-left : 1.92%;}}@media only screen and (max-width:640px) {.fusion-body .fusion-builder-column-0{width:100% !important;}.fusion-builder-column-0 > .fusion-column-wrapper {margin-right : 1.92%;margin-left : 1.92%;}}<\/style><\/div><\/div><style type=\"text\/css\">.fusion-body .fusion-flex-container.fusion-builder-row-1{ padding-top : 0px;margin-top : 0px;padding-right : 0px;padding-bottom : 0px;margin-bottom : 0px;padding-left : 0px;}<\/style><\/div>\n","protected":false},"excerpt":{"rendered":"","protected":false},"author":33,"featured_media":0,"parent":0,"menu_order":0,"comment_status":"closed","ping_status":"closed","template":"","meta":{"_acf_changed":false,"footnotes":""},"class_list":["post-24115","page","type-page","status-publish","hentry"],"acf":[],"yoast_head":"<!-- This site is optimized with the Yoast SEO plugin v27.2 - https:\/\/yoast.com\/product\/yoast-seo-wordpress\/ -->\n<title>Concursos abiertos - Agrupaci\u00f3 Fotogr\u00e0fica de Catalunya<\/title>\n<meta name=\"robots\" content=\"index, follow, max-snippet:-1, max-image-preview:large, max-video-preview:-1\" \/>\n<link rel=\"canonical\" href=\"https:\/\/afc.cat\/es\/concursos-abiertos\/\" \/>\n<meta property=\"og:locale\" content=\"es_ES\" \/>\n<meta property=\"og:type\" content=\"article\" \/>\n<meta property=\"og:title\" content=\"Concursos abiertos - Agrupaci\u00f3 Fotogr\u00e0fica de Catalunya\" \/>\n<meta property=\"og:url\" content=\"https:\/\/afc.cat\/es\/concursos-abiertos\/\" \/>\n<meta property=\"og:site_name\" content=\"Agrupaci\u00f3 Fotogr\u00e0fica de Catalunya\" \/>\n<meta property=\"article:modified_time\" content=\"2024-06-10T17:04:59+00:00\" \/>\n<meta property=\"og:image\" content=\"https:\/\/afc.cat\/wp-content\/uploads\/2024\/05\/Organitzacio.jpg\" \/>\n<meta name=\"twitter:card\" content=\"summary_large_image\" \/>\n<meta name=\"twitter:label1\" content=\"Tiempo de lectura\" \/>\n\t<meta name=\"twitter:data1\" content=\"9 minutos\" \/>\n<script type=\"application\/ld+json\" class=\"yoast-schema-graph\">{\"@context\":\"https:\/\/schema.org\",\"@graph\":[{\"@type\":\"WebPage\",\"@id\":\"https:\/\/afc.cat\/es\/concursos-abiertos\/\",\"url\":\"https:\/\/afc.cat\/es\/concursos-abiertos\/\",\"name\":\"Concursos abiertos - Agrupaci\u00f3 Fotogr\u00e0fica de Catalunya\",\"isPartOf\":{\"@id\":\"https:\/\/afc.cat\/es\/#website\"},\"primaryImageOfPage\":{\"@id\":\"https:\/\/afc.cat\/es\/concursos-abiertos\/#primaryimage\"},\"image\":{\"@id\":\"https:\/\/afc.cat\/es\/concursos-abiertos\/#primaryimage\"},\"thumbnailUrl\":\"https:\/\/afc.cat\/wp-content\/uploads\/2024\/05\/Organitzacio.jpg\",\"datePublished\":\"2021-11-15T23:27:20+00:00\",\"dateModified\":\"2024-06-10T17:04:59+00:00\",\"breadcrumb\":{\"@id\":\"https:\/\/afc.cat\/es\/concursos-abiertos\/#breadcrumb\"},\"inLanguage\":\"es\",\"potentialAction\":[{\"@type\":\"ReadAction\",\"target\":[\"https:\/\/afc.cat\/es\/concursos-abiertos\/\"]}]},{\"@type\":\"ImageObject\",\"inLanguage\":\"es\",\"@id\":\"https:\/\/afc.cat\/es\/concursos-abiertos\/#primaryimage\",\"url\":\"https:\/\/afc.cat\/wp-content\/uploads\/2024\/05\/Organitzacio.jpg\",\"contentUrl\":\"https:\/\/afc.cat\/wp-content\/uploads\/2024\/05\/Organitzacio.jpg\"},{\"@type\":\"BreadcrumbList\",\"@id\":\"https:\/\/afc.cat\/es\/concursos-abiertos\/#breadcrumb\",\"itemListElement\":[{\"@type\":\"ListItem\",\"position\":1,\"name\":\"Inicio\",\"item\":\"https:\/\/afc.cat\/es\/\"},{\"@type\":\"ListItem\",\"position\":2,\"name\":\"Concursos abiertos\"}]},{\"@type\":\"WebSite\",\"@id\":\"https:\/\/afc.cat\/es\/#website\",\"url\":\"https:\/\/afc.cat\/es\/\",\"name\":\"Agrupaci\u00f3 Fotogr\u00e0fica de Catalunya\",\"description\":\"Fomento y divulgaci\u00f3n de la fotograf\u00eda en todas sus variedades\",\"potentialAction\":[{\"@type\":\"SearchAction\",\"target\":{\"@type\":\"EntryPoint\",\"urlTemplate\":\"https:\/\/afc.cat\/es\/?s={search_term_string}\"},\"query-input\":{\"@type\":\"PropertyValueSpecification\",\"valueRequired\":true,\"valueName\":\"search_term_string\"}}],\"inLanguage\":\"es\"}]}<\/script>\n<!-- \/ Yoast SEO plugin. -->","yoast_head_json":{"title":"Concursos abiertos - Agrupaci\u00f3 Fotogr\u00e0fica de Catalunya","robots":{"index":"index","follow":"follow","max-snippet":"max-snippet:-1","max-image-preview":"max-image-preview:large","max-video-preview":"max-video-preview:-1"},"canonical":"https:\/\/afc.cat\/es\/concursos-abiertos\/","og_locale":"es_ES","og_type":"article","og_title":"Concursos abiertos - Agrupaci\u00f3 Fotogr\u00e0fica de Catalunya","og_url":"https:\/\/afc.cat\/es\/concursos-abiertos\/","og_site_name":"Agrupaci\u00f3 Fotogr\u00e0fica de Catalunya","article_modified_time":"2024-06-10T17:04:59+00:00","og_image":[{"url":"https:\/\/afc.cat\/wp-content\/uploads\/2024\/05\/Organitzacio.jpg","type":"","width":"","height":""}],"twitter_card":"summary_large_image","twitter_misc":{"Tiempo de lectura":"9 minutos"},"schema":{"@context":"https:\/\/schema.org","@graph":[{"@type":"WebPage","@id":"https:\/\/afc.cat\/es\/concursos-abiertos\/","url":"https:\/\/afc.cat\/es\/concursos-abiertos\/","name":"Concursos abiertos - Agrupaci\u00f3 Fotogr\u00e0fica de Catalunya","isPartOf":{"@id":"https:\/\/afc.cat\/es\/#website"},"primaryImageOfPage":{"@id":"https:\/\/afc.cat\/es\/concursos-abiertos\/#primaryimage"},"image":{"@id":"https:\/\/afc.cat\/es\/concursos-abiertos\/#primaryimage"},"thumbnailUrl":"https:\/\/afc.cat\/wp-content\/uploads\/2024\/05\/Organitzacio.jpg","datePublished":"2021-11-15T23:27:20+00:00","dateModified":"2024-06-10T17:04:59+00:00","breadcrumb":{"@id":"https:\/\/afc.cat\/es\/concursos-abiertos\/#breadcrumb"},"inLanguage":"es","potentialAction":[{"@type":"ReadAction","target":["https:\/\/afc.cat\/es\/concursos-abiertos\/"]}]},{"@type":"ImageObject","inLanguage":"es","@id":"https:\/\/afc.cat\/es\/concursos-abiertos\/#primaryimage","url":"https:\/\/afc.cat\/wp-content\/uploads\/2024\/05\/Organitzacio.jpg","contentUrl":"https:\/\/afc.cat\/wp-content\/uploads\/2024\/05\/Organitzacio.jpg"},{"@type":"BreadcrumbList","@id":"https:\/\/afc.cat\/es\/concursos-abiertos\/#breadcrumb","itemListElement":[{"@type":"ListItem","position":1,"name":"Inicio","item":"https:\/\/afc.cat\/es\/"},{"@type":"ListItem","position":2,"name":"Concursos abiertos"}]},{"@type":"WebSite","@id":"https:\/\/afc.cat\/es\/#website","url":"https:\/\/afc.cat\/es\/","name":"Agrupaci\u00f3 Fotogr\u00e0fica de Catalunya","description":"Fomento y divulgaci\u00f3n de la fotograf\u00eda en todas sus variedades","potentialAction":[{"@type":"SearchAction","target":{"@type":"EntryPoint","urlTemplate":"https:\/\/afc.cat\/es\/?s={search_term_string}"},"query-input":{"@type":"PropertyValueSpecification","valueRequired":true,"valueName":"search_term_string"}}],"inLanguage":"es"}]}},"_links":{"self":[{"href":"https:\/\/afc.cat\/es\/wp-json\/wp\/v2\/pages\/24115","targetHints":{"allow":["GET"]}}],"collection":[{"href":"https:\/\/afc.cat\/es\/wp-json\/wp\/v2\/pages"}],"about":[{"href":"https:\/\/afc.cat\/es\/wp-json\/wp\/v2\/types\/page"}],"author":[{"embeddable":true,"href":"https:\/\/afc.cat\/es\/wp-json\/wp\/v2\/users\/33"}],"replies":[{"embeddable":true,"href":"https:\/\/afc.cat\/es\/wp-json\/wp\/v2\/comments?post=24115"}],"version-history":[{"count":16,"href":"https:\/\/afc.cat\/es\/wp-json\/wp\/v2\/pages\/24115\/revisions"}],"predecessor-version":[{"id":38870,"href":"https:\/\/afc.cat\/es\/wp-json\/wp\/v2\/pages\/24115\/revisions\/38870"}],"wp:attachment":[{"href":"https:\/\/afc.cat\/es\/wp-json\/wp\/v2\/media?parent=24115"}],"curies":[{"name":"wp","href":"https:\/\/api.w.org\/{rel}","templated":true}]}}