{"id":41466,"date":"2025-02-10T00:43:27","date_gmt":"2025-02-09T22:43:27","guid":{"rendered":"https:\/\/afc.cat\/?page_id=41466"},"modified":"2026-01-25T16:19:16","modified_gmt":"2026-01-25T14:19:16","slug":"formacion","status":"publish","type":"page","link":"https:\/\/afc.cat\/es\/formacion\/","title":{"rendered":"Formaci\u00f3n"},"content":{"rendered":"<div class=\"fusion-fullwidth fullwidth-box fusion-builder-row-1 fusion-flex-container nonhundred-percent-fullwidth non-hundred-percent-height-scrolling\" style=\"background-color: rgba(255,255,255,0);background-position: center center;background-repeat: no-repeat;border-width: 0px 0px 0px 0px;border-color:#ffffff;border-style:solid;\" ><div class=\"fusion-builder-row fusion-row fusion-flex-align-items-flex-start\" style=\"max-width:1300px;margin-left: calc(-4% \/ 2 );margin-right: calc(-4% \/ 2 );\"><div class=\"fusion-layout-column fusion_builder_column fusion-builder-column-0 fusion_builder_column_1_1 1_1 fusion-flex-column\"><div class=\"fusion-column-wrapper fusion-flex-justify-content-flex-start fusion-content-layout-column\" style=\"background-position:left top;background-repeat:no-repeat;-webkit-background-size:cover;-moz-background-size:cover;-o-background-size:cover;background-size:cover;padding: 0px 0px 0px 0px;\"><div class=\"fusion-text fusion-text-1\"><p>En esta p\u00e1gina encontrar\u00e1 todas las actividades relacionadas con la formaci\u00f3n que se ofrece a la AFC.<\/p>\n<p>La Agrupaci\u00f3 cuenta con un espacio dedicado exclusivamente a esta actividad equipado con un gran monitor y ordenadores en donde los socios pueden recibir formaci\u00f3n sobre temas de generales de fotograf\u00eda como espec\u00edficos de software orientado a la edici\u00f3n y tratamiento de im\u00e1genes.<\/p>\n<\/div><style type=\"text\/css\">@media only screen and (max-width:1024px) {.fusion-title.fusion-title-1{margin-top:10px!important; margin-right:0px!important;margin-bottom:15px!important;margin-left:0px!important;}}@media only screen and (max-width:640px) {.fusion-title.fusion-title-1{margin-top:10px!important; margin-right:0px!important;margin-bottom:10px!important; margin-left:0px!important;}}<\/style><div class=\"fusion-title title fusion-title-1 fusion-sep-none fusion-title-center fusion-title-text fusion-title-size-one\" style=\"margin-top:10px;margin-right:0px;margin-bottom:15px;margin-left:0px;\"><h1 class=\"title-heading-center fusion-responsive-typography-calculated\" style=\"margin:0;--fontSize:54;line-height:1.16;\">Activitdades formaci\u00f3n<\/h1><\/div><div class=\"fusion-text fusion-text-2\"><div class=\"grups-custom-grid-wrapper\"><div class=\"grups-custom-grid\"><a class=\"grid-item\" href=\"https:\/\/afc.cat\/es\/activitat\/curso-como-dirigir-la-mirada-en-tus-fotos-con-lightroom-grupo-de-mananas\/\"><div class=\"grid-thumbnail\"><img decoding=\"async\" src=\"https:\/\/afc.cat\/wp-content\/uploads\/2025\/09\/Imagen1-e1758296954540.jpg\" alt=\"Curso Como dirigir la mirada en tus fotos con Lightroom \/ Grupo de Ma\u00f1anas\"><div class=\"hover-layer\"><\/div><\/div><div class=\"grid-content\"><p class=\"grid-date\">07\/10\/2025<\/p><h3 class=\"grid-title\">Curso Como dirigir la mirada en tus fotos con Lightroom \/ Grupo de Ma\u00f1anas<\/h3><\/div><\/a><a class=\"grid-item\" href=\"https:\/\/afc.cat\/es\/activitat\/como-dirigir-la-mirada-en-tus-fotos-con-lightroom-grupo-de-tardes\/\"><div class=\"grid-thumbnail\"><img decoding=\"async\" src=\"https:\/\/afc.cat\/wp-content\/uploads\/2025\/09\/Imagen1-e1758296954540.jpg\" alt=\"Como dirigir la mirada en tus fotos con Lightroom \/ Grupo de Tardes\"><div class=\"hover-layer\"><\/div><\/div><div class=\"grid-content\"><p class=\"grid-date\">07\/10\/2025<\/p><h3 class=\"grid-title\">Como dirigir la mirada en tus fotos con Lightroom \/ Grupo de Tardes<\/h3><\/div><\/a><a class=\"grid-item\" href=\"https:\/\/afc.cat\/es\/activitat\/joan-ribas-curso-planificacion-fotografica-con-photopills\/\"><div class=\"grid-thumbnail\"><img decoding=\"async\" src=\"https:\/\/afc.cat\/wp-content\/uploads\/2026\/04\/Imagen1-e1775055797367.png\" alt=\"Joan Ribas \/ Curso Planificaci\u00f3n fotogr\u00e1fica con Photopills\"><div class=\"hover-layer\"><\/div><\/div><div class=\"grid-content\"><p class=\"grid-date\">27\/04\/2026<\/p><h3 class=\"grid-title\">Joan Ribas \/ Curso Planificaci\u00f3n fotogr\u00e1fica con Photopills<\/h3><\/div><\/a><\/div><\/div>\n<\/div><div class=\"fusion-text fusion-text-3\"><div class=\"grups-custom-grid-wrapper\"><div class=\"grups-custom-grid\"><a class=\"grid-item\" href=\"https:\/\/afc.cat\/es\/activitat\/jacint-guiteras-y-jose-m-pecci-taller-retrato-fotografic-en-estudio\/\"><div class=\"grid-thumbnail\"><img decoding=\"async\" src=\"https:\/\/afc.cat\/wp-content\/uploads\/2026\/04\/Imagen1-2.jpg\" alt=\"Jacint Guiteras y Jose M. Pecci \/ Taller Retrato fotogr\u00e1fic en estudio\"><div class=\"hover-layer\"><\/div><\/div><div class=\"grid-content\"><p class=\"grid-date\">20\/04\/2026<\/p><h3 class=\"grid-title\">Jacint Guiteras y Jose M. Pecci \/ Taller Retrato fotogr\u00e1fic en estudio<\/h3><\/div><\/a><a class=\"grid-item\" href=\"https:\/\/afc.cat\/es\/activitat\/joan-boira-taller-de-fotografia-documental\/\"><div class=\"grid-thumbnail\"><img decoding=\"async\" src=\"https:\/\/afc.cat\/wp-content\/uploads\/2026\/03\/Imagen1-2.png\" alt=\"Joan Boira \/ Taller de fotograf\u00eda documental\"><div class=\"hover-layer\"><\/div><\/div><div class=\"grid-content\"><p class=\"grid-date\">20\/04\/2026<\/p><h3 class=\"grid-title\">Joan Boira \/ Taller de fotograf\u00eda documental<\/h3><\/div><\/a><a class=\"grid-item\" href=\"https:\/\/afc.cat\/es\/activitat\/maxim-poncela-taller-visor-de-imagenes-faststone\/\"><div class=\"grid-thumbnail\"><img decoding=\"async\" src=\"https:\/\/afc.cat\/wp-content\/uploads\/2026\/04\/Imagen1-1.jpg\" alt=\"M\u00e0xim Poncela \/ Taller Visor de im\u00e1genes FastStone\"><div class=\"hover-layer\"><\/div><\/div><div class=\"grid-content\"><p class=\"grid-date\">10\/06\/2026<\/p><h3 class=\"grid-title\">M\u00e0xim Poncela \/ Taller Visor de im\u00e1genes FastStone<\/h3><\/div><\/a><\/div><\/div>\n<\/div><\/div><style type=\"text\/css\">.fusion-body .fusion-builder-column-0{width:100% !important;margin-top : 0px;margin-bottom : 20px;}.fusion-builder-column-0 > .fusion-column-wrapper {padding-top : 0px !important;padding-right : 0px !important;margin-right : 1.92%;padding-bottom : 0px !important;padding-left : 0px !important;margin-left : 1.92%;}@media only screen and (max-width:1024px) {.fusion-body .fusion-builder-column-0{width:100% !important;order : 0;}.fusion-builder-column-0 > .fusion-column-wrapper {margin-right : 1.92%;margin-left : 1.92%;}}@media only screen and (max-width:640px) {.fusion-body .fusion-builder-column-0{width:100% !important;order : 0;}.fusion-builder-column-0 > .fusion-column-wrapper {margin-right : 1.92%;margin-left : 1.92%;}}<\/style><\/div><\/div><style type=\"text\/css\">.fusion-body .fusion-flex-container.fusion-builder-row-1{ padding-top : 0px;margin-top : 0px;padding-right : 0px;padding-bottom : 0px;margin-bottom : 0px;padding-left : 0px;}<\/style><\/div>\n","protected":false},"excerpt":{"rendered":"","protected":false},"author":33,"featured_media":0,"parent":0,"menu_order":0,"comment_status":"closed","ping_status":"closed","template":"","meta":{"_acf_changed":false,"footnotes":""},"class_list":["post-41466","page","type-page","status-publish","hentry"],"acf":[],"yoast_head":"<!-- This site is optimized with the Yoast SEO plugin v27.2 - https:\/\/yoast.com\/product\/yoast-seo-wordpress\/ -->\n<title>Formaci\u00f3n - Agrupaci\u00f3 Fotogr\u00e0fica de Catalunya<\/title>\n<meta name=\"robots\" content=\"index, follow, max-snippet:-1, max-image-preview:large, max-video-preview:-1\" \/>\n<link rel=\"canonical\" href=\"https:\/\/afc.cat\/es\/formacion\/\" \/>\n<meta property=\"og:locale\" content=\"es_ES\" \/>\n<meta property=\"og:type\" content=\"article\" \/>\n<meta property=\"og:title\" content=\"Formaci\u00f3n - Agrupaci\u00f3 Fotogr\u00e0fica de Catalunya\" \/>\n<meta property=\"og:url\" content=\"https:\/\/afc.cat\/es\/formacion\/\" \/>\n<meta property=\"og:site_name\" content=\"Agrupaci\u00f3 Fotogr\u00e0fica de Catalunya\" \/>\n<meta property=\"article:modified_time\" content=\"2026-01-25T14:19:16+00:00\" \/>\n<meta name=\"twitter:card\" content=\"summary_large_image\" \/>\n<meta name=\"twitter:label1\" content=\"Tiempo de lectura\" \/>\n\t<meta name=\"twitter:data1\" content=\"5 minutos\" \/>\n<script type=\"application\/ld+json\" class=\"yoast-schema-graph\">{\"@context\":\"https:\/\/schema.org\",\"@graph\":[{\"@type\":\"WebPage\",\"@id\":\"https:\/\/afc.cat\/es\/formacion\/\",\"url\":\"https:\/\/afc.cat\/es\/formacion\/\",\"name\":\"Formaci\u00f3n - Agrupaci\u00f3 Fotogr\u00e0fica de Catalunya\",\"isPartOf\":{\"@id\":\"https:\/\/afc.cat\/es\/#website\"},\"datePublished\":\"2025-02-09T22:43:27+00:00\",\"dateModified\":\"2026-01-25T14:19:16+00:00\",\"breadcrumb\":{\"@id\":\"https:\/\/afc.cat\/es\/formacion\/#breadcrumb\"},\"inLanguage\":\"es\",\"potentialAction\":[{\"@type\":\"ReadAction\",\"target\":[\"https:\/\/afc.cat\/es\/formacion\/\"]}]},{\"@type\":\"BreadcrumbList\",\"@id\":\"https:\/\/afc.cat\/es\/formacion\/#breadcrumb\",\"itemListElement\":[{\"@type\":\"ListItem\",\"position\":1,\"name\":\"Inicio\",\"item\":\"https:\/\/afc.cat\/es\/\"},{\"@type\":\"ListItem\",\"position\":2,\"name\":\"Formaci\u00f3n\"}]},{\"@type\":\"WebSite\",\"@id\":\"https:\/\/afc.cat\/es\/#website\",\"url\":\"https:\/\/afc.cat\/es\/\",\"name\":\"Agrupaci\u00f3 Fotogr\u00e0fica de Catalunya\",\"description\":\"Fomento y divulgaci\u00f3n de la fotograf\u00eda en todas sus variedades\",\"potentialAction\":[{\"@type\":\"SearchAction\",\"target\":{\"@type\":\"EntryPoint\",\"urlTemplate\":\"https:\/\/afc.cat\/es\/?s={search_term_string}\"},\"query-input\":{\"@type\":\"PropertyValueSpecification\",\"valueRequired\":true,\"valueName\":\"search_term_string\"}}],\"inLanguage\":\"es\"}]}<\/script>\n<!-- \/ Yoast SEO plugin. -->","yoast_head_json":{"title":"Formaci\u00f3n - Agrupaci\u00f3 Fotogr\u00e0fica de Catalunya","robots":{"index":"index","follow":"follow","max-snippet":"max-snippet:-1","max-image-preview":"max-image-preview:large","max-video-preview":"max-video-preview:-1"},"canonical":"https:\/\/afc.cat\/es\/formacion\/","og_locale":"es_ES","og_type":"article","og_title":"Formaci\u00f3n - Agrupaci\u00f3 Fotogr\u00e0fica de Catalunya","og_url":"https:\/\/afc.cat\/es\/formacion\/","og_site_name":"Agrupaci\u00f3 Fotogr\u00e0fica de Catalunya","article_modified_time":"2026-01-25T14:19:16+00:00","twitter_card":"summary_large_image","twitter_misc":{"Tiempo de lectura":"5 minutos"},"schema":{"@context":"https:\/\/schema.org","@graph":[{"@type":"WebPage","@id":"https:\/\/afc.cat\/es\/formacion\/","url":"https:\/\/afc.cat\/es\/formacion\/","name":"Formaci\u00f3n - Agrupaci\u00f3 Fotogr\u00e0fica de Catalunya","isPartOf":{"@id":"https:\/\/afc.cat\/es\/#website"},"datePublished":"2025-02-09T22:43:27+00:00","dateModified":"2026-01-25T14:19:16+00:00","breadcrumb":{"@id":"https:\/\/afc.cat\/es\/formacion\/#breadcrumb"},"inLanguage":"es","potentialAction":[{"@type":"ReadAction","target":["https:\/\/afc.cat\/es\/formacion\/"]}]},{"@type":"BreadcrumbList","@id":"https:\/\/afc.cat\/es\/formacion\/#breadcrumb","itemListElement":[{"@type":"ListItem","position":1,"name":"Inicio","item":"https:\/\/afc.cat\/es\/"},{"@type":"ListItem","position":2,"name":"Formaci\u00f3n"}]},{"@type":"WebSite","@id":"https:\/\/afc.cat\/es\/#website","url":"https:\/\/afc.cat\/es\/","name":"Agrupaci\u00f3 Fotogr\u00e0fica de Catalunya","description":"Fomento y divulgaci\u00f3n de la fotograf\u00eda en todas sus variedades","potentialAction":[{"@type":"SearchAction","target":{"@type":"EntryPoint","urlTemplate":"https:\/\/afc.cat\/es\/?s={search_term_string}"},"query-input":{"@type":"PropertyValueSpecification","valueRequired":true,"valueName":"search_term_string"}}],"inLanguage":"es"}]}},"_links":{"self":[{"href":"https:\/\/afc.cat\/es\/wp-json\/wp\/v2\/pages\/41466","targetHints":{"allow":["GET"]}}],"collection":[{"href":"https:\/\/afc.cat\/es\/wp-json\/wp\/v2\/pages"}],"about":[{"href":"https:\/\/afc.cat\/es\/wp-json\/wp\/v2\/types\/page"}],"author":[{"embeddable":true,"href":"https:\/\/afc.cat\/es\/wp-json\/wp\/v2\/users\/33"}],"replies":[{"embeddable":true,"href":"https:\/\/afc.cat\/es\/wp-json\/wp\/v2\/comments?post=41466"}],"version-history":[{"count":5,"href":"https:\/\/afc.cat\/es\/wp-json\/wp\/v2\/pages\/41466\/revisions"}],"predecessor-version":[{"id":45780,"href":"https:\/\/afc.cat\/es\/wp-json\/wp\/v2\/pages\/41466\/revisions\/45780"}],"wp:attachment":[{"href":"https:\/\/afc.cat\/es\/wp-json\/wp\/v2\/media?parent=41466"}],"curies":[{"name":"wp","href":"https:\/\/api.w.org\/{rel}","templated":true}]}}